{"id":952,"date":"2023-07-02T21:14:00","date_gmt":"2023-07-03T01:14:00","guid":{"rendered":"https:\/\/rudema.cl\/?post_type=product&#038;p=952"},"modified":"2023-09-15T17:02:47","modified_gmt":"2023-09-15T21:02:47","slug":"vela-cristal-primavera-frutal-xl","status":"publish","type":"product","link":"https:\/\/rudema.cl\/?product=vela-cristal-primavera-frutal-xl","title":{"rendered":"Vela Cristal Primavera Frutal XL"},"content":{"rendered":"<p>Caracter\u00edsticas:<br \/>\nVela de cera de soya natural elaboradas a mano, con pabilo triple de algod\u00f3n es ecol\u00f3gica y vegana. Adem\u00e1s su hermoso recipiente de vidrio transparente lo puedes reutilizar como desees. Todas nuestras velas en recipiente son aptas para masajes.<br \/>\nDurabilidad de 90 horas aproximadamente, esto depender\u00e1 del cuidado de tu vela.<br \/>\nAroma: Fragancia frutal floral, notas a manzana, fresias, magnolias, frutos rojos y madera de s\u00e1ndalo.<\/p>\n<p>Recomendaciones de cuidado:<br \/>\n\u2013 Recorta la mecha cada vez que vayas a encender la vela para evitar que esta se caiga y ensucie la superficie.<br \/>\n\u2013 Mant\u00e9n la vela alejada del sol directo y de altas temperaturas<br \/>\n\u2013 Para apagar tu vela no la soples, t\u00e1pala para quitar el ox\u00edgeno, as\u00ed no se mover\u00e1 la mecha y podr\u00e1s utilizarla hasta que se acabe.<br \/>\n-Mantenla encendida hasta que se derrita como m\u00e1ximo 2 cm. As\u00ed evitas que puedan caerse los pabilos y garantizas la duraci\u00f3n de tu vela.<br \/>\n\u2013 Por seguridad, nunca dejes tu vela encendida sin vigilancia<br \/>\n\u2013 Mant\u00e9n tu vela alejada del alcance de ni\u00f1os y mascotas<br \/>\n\u2013 Ten cuidado al manipularla encendida ya que el recipiente podr\u00eda calentarse.<\/p>\n","protected":false},"excerpt":{"rendered":"<p>Esta vela simplemente es perfecta. Es que su aroma delicioso, fresco y suave en su sofisticado y delicado recipiente de cristal hacen la mezcla perfecta, sin duda no pasar\u00e1 desapercibida. Ser\u00e1 el centro de atenci\u00f3n donde sea que la quieras poner.<\/p>\n<p>Decorada con cuarzo rosa<br \/>\nContenido: 480 Grs.<br \/>\nAroma: Primavera Frutal.<\/p>\n","protected":false},"featured_media":953,"comment_status":"open","ping_status":"closed","template":"","meta":{"site-sidebar-layout":"default","site-content-layout":"default","ast-site-content-layout":"default","site-content-style":"default","site-sidebar-style":"default","ast-global-header-display":"","ast-banner-title-visibility":"","ast-main-header-display":"","ast-hfb-above-header-display":"","ast-hfb-below-header-display":"","ast-hfb-mobile-header-display":"","site-post-title":"","ast-breadcrumbs-content":"","ast-featured-img":"","footer-sml-layout":"","theme-transparent-header-meta":"default","adv-header-id-meta":"","stick-header-meta":"","header-above-stick-meta":"","header-main-stick-meta":"","header-below-stick-meta":"","astra-migrate-meta-layouts":"default","ast-page-background-enabled":"default","ast-page-background-meta":{"desktop":{"background-color":"var(--ast-global-color-4)","background-image":"","background-repeat":"repeat","background-position":"center center","background-size":"auto","background-attachment":"scroll","background-type":"","background-media":"","overlay-type":"","overlay-color":"","overlay-opacity":"","overlay-gradient":""},"tablet":{"background-color":"","background-image":"","background-repeat":"repeat","background-position":"center center","background-size":"auto","background-attachment":"scroll","background-type":"","background-media":"","overlay-type":"","overlay-color":"","overlay-opacity":"","overlay-gradient":""},"mobile":{"background-color":"","background-image":"","background-repeat":"repeat","background-position":"center center","background-size":"auto","background-attachment":"scroll","background-type":"","background-media":"","overlay-type":"","overlay-color":"","overlay-opacity":"","overlay-gradient":""}},"ast-content-background-meta":{"desktop":{"background-color":"var(--ast-global-color-5)","background-image":"","background-repeat":"repeat","background-position":"center center","background-size":"auto","background-attachment":"scroll","background-type":"","background-media":"","overlay-type":"","overlay-color":"","overlay-opacity":"","overlay-gradient":""},"tablet":{"background-color":"var(--ast-global-color-5)","background-image":"","background-repeat":"repeat","background-position":"center center","background-size":"auto","background-attachment":"scroll","background-type":"","background-media":"","overlay-type":"","overlay-color":"","overlay-opacity":"","overlay-gradient":""},"mobile":{"background-color":"var(--ast-global-color-5)","background-image":"","background-repeat":"repeat","background-position":"center center","background-size":"auto","background-attachment":"scroll","background-type":"","background-media":"","overlay-type":"","overlay-color":"","overlay-opacity":"","overlay-gradient":""}}},"product_brand":[],"product_cat":[24],"product_tag":[],"class_list":{"0":"post-952","1":"product","2":"type-product","3":"status-publish","4":"has-post-thumbnail","6":"product_cat-velas-en-recipiente","7":"desktop-align-left","8":"tablet-align-left","9":"mobile-align-left","11":"first","12":"outofstock","13":"shipping-taxable","14":"purchasable","15":"product-type-simple"},"jetpack_sharing_enabled":true,"_links":{"self":[{"href":"https:\/\/rudema.cl\/index.php?rest_route=\/wp\/v2\/product\/952","targetHints":{"allow":["GET"]}}],"collection":[{"href":"https:\/\/rudema.cl\/index.php?rest_route=\/wp\/v2\/product"}],"about":[{"href":"https:\/\/rudema.cl\/index.php?rest_route=\/wp\/v2\/types\/product"}],"replies":[{"embeddable":true,"href":"https:\/\/rudema.cl\/index.php?rest_route=%2Fwp%2Fv2%2Fcomments&post=952"}],"wp:featuredmedia":[{"embeddable":true,"href":"https:\/\/rudema.cl\/index.php?rest_route=\/wp\/v2\/media\/953"}],"wp:attachment":[{"href":"https:\/\/rudema.cl\/index.php?rest_route=%2Fwp%2Fv2%2Fmedia&parent=952"}],"wp:term":[{"taxonomy":"product_brand","embeddable":true,"href":"https:\/\/rudema.cl\/index.php?rest_route=%2Fwp%2Fv2%2Fproduct_brand&post=952"},{"taxonomy":"product_cat","embeddable":true,"href":"https:\/\/rudema.cl\/index.php?rest_route=%2Fwp%2Fv2%2Fproduct_cat&post=952"},{"taxonomy":"product_tag","embeddable":true,"href":"https:\/\/rudema.cl\/index.php?rest_route=%2Fwp%2Fv2%2Fproduct_tag&post=952"}],"curies":[{"name":"wp","href":"https:\/\/api.w.org\/{rel}","templated":true}]}}