{"id":1636,"date":"2024-10-10T11:06:52","date_gmt":"2024-10-10T15:06:52","guid":{"rendered":"https:\/\/rudema.cl\/?post_type=product&#038;p=1636"},"modified":"2025-10-02T21:31:17","modified_gmt":"2025-10-03T01:31:17","slug":"vela-classic-rosa","status":"publish","type":"product","link":"https:\/\/rudema.cl\/?product=vela-classic-rosa","title":{"rendered":"Vela Classic Rosa"},"content":{"rendered":"<p>Caracter\u00edsticas:<br \/>\nVela de cera de soya natural elaboradas a mano, con pabilo de algod\u00f3n es ecol\u00f3gica y vegana. Adem\u00e1s su hermoso recipiente de vidrio lo puedes reutilizar como desees, incluye tapa de madera.<br \/>\nTodas nuestras velas en recipiente son aptas para masajes.<br \/>\nDurabilidad de 35 a 40 horas aproximadamente, esto depender\u00e1 del tama\u00f1o y cuidado de tu vela.<\/p>\n<p>Recomendaciones de cuidado:<br \/>\n\u2013 Recorta la mecha cada vez que vayas a encender la vela para evitar que esta se caiga y ensucie la superficie.<br \/>\n\u2013 Mant\u00e9n la vela alejada del sol directo y de altas temperaturas<br \/>\n\u2013 Para apagar tu vela no la soples, t\u00e1pala para quitar el ox\u00edgeno, as\u00ed no se mover\u00e1 la mecha y podr\u00e1s utilizarla hasta que se acabe.<br \/>\n\u2013 Mantenla encendida hasta que se derrita como m\u00e1ximo 2 cm. As\u00ed evitas que puedan caerse los pabilos y garantizas la duraci\u00f3n de tu vela.<br \/>\n\u2013 Por seguridad, nunca dejes tu vela encendida sin vigilancia<br \/>\n\u2013 Mant\u00e9n tu vela alejada del alcance de ni\u00f1os y mascotas<br \/>\n\u2013 Ten cuidado al manipularla encendida ya que el recipiente podr\u00eda calentarse.<br \/>\n*El uso correcto de nuestros productos es tu responsabilidad, evita accidentes.<\/p>\n","protected":false},"excerpt":{"rendered":"<p>Este formato cl\u00e1sico y elegante llega en un nuevo tono rosa esmerilado. Nuestras velas arom\u00e1ticas te dan la versatilidad para decorar cualquier espacio de tu casa.<\/p>\n<p>Tama\u00f1o: 150 gr.<\/p>\n<p>Disponible en 4 aromas:<\/p>\n","protected":false},"featured_media":1644,"comment_status":"open","ping_status":"closed","template":"","meta":{"site-sidebar-layout":"default","site-content-layout":"default","ast-site-content-layout":"default","site-content-style":"default","site-sidebar-style":"default","ast-global-header-display":"","ast-banner-title-visibility":"","ast-main-header-display":"","ast-hfb-above-header-display":"","ast-hfb-below-header-display":"","ast-hfb-mobile-header-display":"","site-post-title":"","ast-breadcrumbs-content":"","ast-featured-img":"","footer-sml-layout":"","theme-transparent-header-meta":"default","adv-header-id-meta":"","stick-header-meta":"","header-above-stick-meta":"","header-main-stick-meta":"","header-below-stick-meta":"","astra-migrate-meta-layouts":"default","ast-page-background-enabled":"default","ast-page-background-meta":{"desktop":{"background-color":"var(--ast-global-color-4)","background-image":"","background-repeat":"repeat","background-position":"center center","background-size":"auto","background-attachment":"scroll","background-type":"","background-media":"","overlay-type":"","overlay-color":"","overlay-opacity":"","overlay-gradient":""},"tablet":{"background-color":"","background-image":"","background-repeat":"repeat","background-position":"center center","background-size":"auto","background-attachment":"scroll","background-type":"","background-media":"","overlay-type":"","overlay-color":"","overlay-opacity":"","overlay-gradient":""},"mobile":{"background-color":"","background-image":"","background-repeat":"repeat","background-position":"center center","background-size":"auto","background-attachment":"scroll","background-type":"","background-media":"","overlay-type":"","overlay-color":"","overlay-opacity":"","overlay-gradient":""}},"ast-content-background-meta":{"desktop":{"background-color":"var(--ast-global-color-5)","background-image":"","background-repeat":"repeat","background-position":"center center","background-size":"auto","background-attachment":"scroll","background-type":"","background-media":"","overlay-type":"","overlay-color":"","overlay-opacity":"","overlay-gradient":""},"tablet":{"background-color":"var(--ast-global-color-5)","background-image":"","background-repeat":"repeat","background-position":"center center","background-size":"auto","background-attachment":"scroll","background-type":"","background-media":"","overlay-type":"","overlay-color":"","overlay-opacity":"","overlay-gradient":""},"mobile":{"background-color":"var(--ast-global-color-5)","background-image":"","background-repeat":"repeat","background-position":"center center","background-size":"auto","background-attachment":"scroll","background-type":"","background-media":"","overlay-type":"","overlay-color":"","overlay-opacity":"","overlay-gradient":""}}},"product_brand":[],"product_cat":[24,15],"product_tag":[],"class_list":{"0":"post-1636","1":"product","2":"type-product","3":"status-publish","4":"has-post-thumbnail","6":"product_cat-velas-en-recipiente","7":"product_cat-todos-los-productos","8":"desktop-align-left","9":"tablet-align-left","10":"mobile-align-left","12":"first","13":"instock","14":"shipping-taxable","15":"purchasable","16":"product-type-variable"},"jetpack_sharing_enabled":true,"_links":{"self":[{"href":"https:\/\/rudema.cl\/index.php?rest_route=\/wp\/v2\/product\/1636","targetHints":{"allow":["GET"]}}],"collection":[{"href":"https:\/\/rudema.cl\/index.php?rest_route=\/wp\/v2\/product"}],"about":[{"href":"https:\/\/rudema.cl\/index.php?rest_route=\/wp\/v2\/types\/product"}],"replies":[{"embeddable":true,"href":"https:\/\/rudema.cl\/index.php?rest_route=%2Fwp%2Fv2%2Fcomments&post=1636"}],"wp:featuredmedia":[{"embeddable":true,"href":"https:\/\/rudema.cl\/index.php?rest_route=\/wp\/v2\/media\/1644"}],"wp:attachment":[{"href":"https:\/\/rudema.cl\/index.php?rest_route=%2Fwp%2Fv2%2Fmedia&parent=1636"}],"wp:term":[{"taxonomy":"product_brand","embeddable":true,"href":"https:\/\/rudema.cl\/index.php?rest_route=%2Fwp%2Fv2%2Fproduct_brand&post=1636"},{"taxonomy":"product_cat","embeddable":true,"href":"https:\/\/rudema.cl\/index.php?rest_route=%2Fwp%2Fv2%2Fproduct_cat&post=1636"},{"taxonomy":"product_tag","embeddable":true,"href":"https:\/\/rudema.cl\/index.php?rest_route=%2Fwp%2Fv2%2Fproduct_tag&post=1636"}],"curies":[{"name":"wp","href":"https:\/\/api.w.org\/{rel}","templated":true}]}}