{"id":1600,"date":"2024-09-05T15:56:42","date_gmt":"2024-09-05T19:56:42","guid":{"rendered":"https:\/\/rudema.cl\/?post_type=product&#038;p=1600"},"modified":"2025-12-18T20:37:06","modified_gmt":"2025-12-19T00:37:06","slug":"cera-arena-perlada","status":"publish","type":"product","link":"https:\/\/rudema.cl\/?product=cera-arena-perlada","title":{"rendered":"Vela Arena Perlada"},"content":{"rendered":"<p><strong>Vela de Arena Perlada\u00a0<\/strong><\/p>\n<p>Transforma tu espacio con la Vela de Arena Perlada, la soluci\u00f3n perfecta para una iluminaci\u00f3n vers\u00e1til y estilizada, adecuada para cualquier ocasi\u00f3n.<\/p>\n<p>La caja contiene\u00a0500 gramos de cera de arena\u00a0de origen vegetal, elaborada a partir de palma, y\u00a040 pabilos\u00a0de alta calidad, garantizando una experiencia de encendido impecable.<\/p>\n<p><strong>Caracter\u00edsticas Destacadas:<\/strong><\/p>\n<ul>\n<li><strong>Versatilidad de Uso:<\/strong>\u00a0Ideal tanto para utilizar en recipientes como para aplicaciones directas sobre superficies aptas para el fuego. En caso de que la vela se vuelque, se apaga autom\u00e1ticamente, proporcionando una capa adicional de seguridad.<\/li>\n<li><strong>F\u00e1cil Manejo:<\/strong>\u00a0Simplemente vierte la cera en el recipiente o superficie de tu elecci\u00f3n, introduce una mecha y enciende. Una vez que hayas terminado, apaga la vela, deja que la cera se endurezca, retira la mecha y coloca una nueva.<\/li>\n<li>Si deseas puedes agregarle gotitas de aroma aunque su principal caracter\u00edstica no es aromatizar.<br \/>\n<span style=\"font-size: 16px;\">\u00a0<\/span><\/li>\n<\/ul>\n<p><strong>Recomendaciones de cuidado:<\/strong><\/p>\n<p>\u2013 Por seguridad, nunca dejes la vela encendida sin supervici\u00f3n.<br \/>\n\u2013 Mantener alejado del alcance de ni\u00f1os y mascotas<br \/>\n\u2013 Ten cuidado al manipular la cera mientras est\u00e1 encendida ya que podr\u00edas quemarte.<br \/>\n*El uso correcto de nuestros productos es tu responsabilidad, evita accidentes.<\/p>\n","protected":false},"excerpt":{"rendered":"<p>\u00a1Conoce una nueva y vers\u00e1til forma de decorar e iluminar tus espacios con nuestra nueva Vela Arena!<\/p>\n<p>Elige el recipiente que desees y ten siempre una vela diferente.<\/p>\n<p>Disponible en dos colores:<\/p>\n<p>&nbsp;<\/p>\n","protected":false},"featured_media":1601,"comment_status":"open","ping_status":"closed","template":"","meta":{"site-sidebar-layout":"default","site-content-layout":"default","ast-site-content-layout":"default","site-content-style":"default","site-sidebar-style":"default","ast-global-header-display":"","ast-banner-title-visibility":"","ast-main-header-display":"","ast-hfb-above-header-display":"","ast-hfb-below-header-display":"","ast-hfb-mobile-header-display":"","site-post-title":"","ast-breadcrumbs-content":"","ast-featured-img":"","footer-sml-layout":"","theme-transparent-header-meta":"default","adv-header-id-meta":"","stick-header-meta":"","header-above-stick-meta":"","header-main-stick-meta":"","header-below-stick-meta":"","astra-migrate-meta-layouts":"set","ast-page-background-enabled":"default","ast-page-background-meta":{"desktop":{"background-color":"var(--ast-global-color-4)","background-image":"","background-repeat":"repeat","background-position":"center center","background-size":"auto","background-attachment":"scroll","background-type":"","background-media":"","overlay-type":"","overlay-color":"","overlay-opacity":"","overlay-gradient":""},"tablet":{"background-color":"","background-image":"","background-repeat":"repeat","background-position":"center center","background-size":"auto","background-attachment":"scroll","background-type":"","background-media":"","overlay-type":"","overlay-color":"","overlay-opacity":"","overlay-gradient":""},"mobile":{"background-color":"","background-image":"","background-repeat":"repeat","background-position":"center center","background-size":"auto","background-attachment":"scroll","background-type":"","background-media":"","overlay-type":"","overlay-color":"","overlay-opacity":"","overlay-gradient":""}},"ast-content-background-meta":{"desktop":{"background-color":"var(--ast-global-color-5)","background-image":"","background-repeat":"repeat","background-position":"center center","background-size":"auto","background-attachment":"scroll","background-type":"","background-media":"","overlay-type":"","overlay-color":"","overlay-opacity":"","overlay-gradient":""},"tablet":{"background-color":"var(--ast-global-color-5)","background-image":"","background-repeat":"repeat","background-position":"center center","background-size":"auto","background-attachment":"scroll","background-type":"","background-media":"","overlay-type":"","overlay-color":"","overlay-opacity":"","overlay-gradient":""},"mobile":{"background-color":"var(--ast-global-color-5)","background-image":"","background-repeat":"repeat","background-position":"center center","background-size":"auto","background-attachment":"scroll","background-type":"","background-media":"","overlay-type":"","overlay-color":"","overlay-opacity":"","overlay-gradient":""}}},"product_brand":[],"product_cat":[27,24,15],"product_tag":[],"class_list":{"0":"post-1600","1":"product","2":"type-product","3":"status-publish","4":"has-post-thumbnail","6":"product_cat-deco","7":"product_cat-velas-en-recipiente","8":"product_cat-todos-los-productos","9":"desktop-align-left","10":"tablet-align-left","11":"mobile-align-left","13":"first","14":"instock","15":"sale","16":"shipping-taxable","17":"purchasable","18":"product-type-variable"},"jetpack_sharing_enabled":true,"_links":{"self":[{"href":"https:\/\/rudema.cl\/index.php?rest_route=\/wp\/v2\/product\/1600","targetHints":{"allow":["GET"]}}],"collection":[{"href":"https:\/\/rudema.cl\/index.php?rest_route=\/wp\/v2\/product"}],"about":[{"href":"https:\/\/rudema.cl\/index.php?rest_route=\/wp\/v2\/types\/product"}],"replies":[{"embeddable":true,"href":"https:\/\/rudema.cl\/index.php?rest_route=%2Fwp%2Fv2%2Fcomments&post=1600"}],"wp:featuredmedia":[{"embeddable":true,"href":"https:\/\/rudema.cl\/index.php?rest_route=\/wp\/v2\/media\/1601"}],"wp:attachment":[{"href":"https:\/\/rudema.cl\/index.php?rest_route=%2Fwp%2Fv2%2Fmedia&parent=1600"}],"wp:term":[{"taxonomy":"product_brand","embeddable":true,"href":"https:\/\/rudema.cl\/index.php?rest_route=%2Fwp%2Fv2%2Fproduct_brand&post=1600"},{"taxonomy":"product_cat","embeddable":true,"href":"https:\/\/rudema.cl\/index.php?rest_route=%2Fwp%2Fv2%2Fproduct_cat&post=1600"},{"taxonomy":"product_tag","embeddable":true,"href":"https:\/\/rudema.cl\/index.php?rest_route=%2Fwp%2Fv2%2Fproduct_tag&post=1600"}],"curies":[{"name":"wp","href":"https:\/\/api.w.org\/{rel}","templated":true}]}}