{"id":1370,"date":"2024-01-18T14:05:35","date_gmt":"2024-01-18T18:05:35","guid":{"rendered":"https:\/\/rudema.cl\/?post_type=product&#038;p=1370"},"modified":"2024-12-05T12:55:02","modified_gmt":"2024-12-05T16:55:02","slug":"wax-melts","status":"publish","type":"product","link":"https:\/\/rudema.cl\/?product=wax-melts","title":{"rendered":"Wax Melts"},"content":{"rendered":"<p>Ceras arom\u00e1ticas para difusor o quemador. Elaborados a mano con cera de soja 100% natural, ecol\u00f3gica y vegana, esta es una opci\u00f3n muy pr\u00e1ctica para mantener tus espacios aromatizados.<\/p>\n<p>Est\u00e1 elaborada en forma de barra subdividida en 6 cuadros de 12 gr c\/u aproximadamente.<\/p>\n<p>Contenido: 75 gr.<\/p>\n<p><strong>Modo de uso:<\/strong><\/p>\n<p>Divide la barra sacando un cuadrado y poni\u00e9ndolo encima de tu difusor o quemador favorito. Enciende la vela dentro del difusor y listo. Comenzar\u00e1 a derretirse aromatizando tus espacios por hasta 6 horas.<\/p>\n<p><strong>Recomendaciones de cuidado:<\/strong><\/p>\n<p>\u2013 Mantener alejado del sol directo y de altas temperaturas<br \/>\n\u2013 Por seguridad, nunca dejes la cera con la vela encendida sin supervici\u00f3n.<br \/>\n\u2013 Mantener alejado del alcance de ni\u00f1os y mascotas<br \/>\n\u2013 Ten cuidado al manipular la cera mientras est\u00e1 encendida ya que podr\u00edas quemarte.<br \/>\n*El uso correcto de nuestros productos es tu responsabilidad, evita accidentes.<\/p>\n","protected":false},"excerpt":{"rendered":"<p>Ceras aromatizantes para difusor o quemador.<\/p>\n<p>Conoce nuestra nueva y pr\u00e1ctica forma de aromatizar tus espacios, disponibles en 2 aromas:<\/p>\n","protected":false},"featured_media":1377,"comment_status":"open","ping_status":"closed","template":"","meta":{"site-sidebar-layout":"default","site-content-layout":"default","ast-site-content-layout":"default","site-content-style":"default","site-sidebar-style":"default","ast-global-header-display":"","ast-banner-title-visibility":"","ast-main-header-display":"","ast-hfb-above-header-display":"","ast-hfb-below-header-display":"","ast-hfb-mobile-header-display":"","site-post-title":"","ast-breadcrumbs-content":"","ast-featured-img":"","footer-sml-layout":"","theme-transparent-header-meta":"default","adv-header-id-meta":"","stick-header-meta":"","header-above-stick-meta":"","header-main-stick-meta":"","header-below-stick-meta":"","astra-migrate-meta-layouts":"default","ast-page-background-enabled":"default","ast-page-background-meta":{"desktop":{"background-color":"var(--ast-global-color-4)","background-image":"","background-repeat":"repeat","background-position":"center center","background-size":"auto","background-attachment":"scroll","background-type":"","background-media":"","overlay-type":"","overlay-color":"","overlay-opacity":"","overlay-gradient":""},"tablet":{"background-color":"","background-image":"","background-repeat":"repeat","background-position":"center center","background-size":"auto","background-attachment":"scroll","background-type":"","background-media":"","overlay-type":"","overlay-color":"","overlay-opacity":"","overlay-gradient":""},"mobile":{"background-color":"","background-image":"","background-repeat":"repeat","background-position":"center center","background-size":"auto","background-attachment":"scroll","background-type":"","background-media":"","overlay-type":"","overlay-color":"","overlay-opacity":"","overlay-gradient":""}},"ast-content-background-meta":{"desktop":{"background-color":"var(--ast-global-color-5)","background-image":"","background-repeat":"repeat","background-position":"center center","background-size":"auto","background-attachment":"scroll","background-type":"","background-media":"","overlay-type":"","overlay-color":"","overlay-opacity":"","overlay-gradient":""},"tablet":{"background-color":"var(--ast-global-color-5)","background-image":"","background-repeat":"repeat","background-position":"center center","background-size":"auto","background-attachment":"scroll","background-type":"","background-media":"","overlay-type":"","overlay-color":"","overlay-opacity":"","overlay-gradient":""},"mobile":{"background-color":"var(--ast-global-color-5)","background-image":"","background-repeat":"repeat","background-position":"center center","background-size":"auto","background-attachment":"scroll","background-type":"","background-media":"","overlay-type":"","overlay-color":"","overlay-opacity":"","overlay-gradient":""}}},"product_brand":[],"product_cat":[26,15],"product_tag":[],"class_list":{"0":"post-1370","1":"product","2":"type-product","3":"status-publish","4":"has-post-thumbnail","6":"product_cat-aromatizantes","7":"product_cat-todos-los-productos","8":"desktop-align-left","9":"tablet-align-left","10":"mobile-align-left","12":"first","13":"instock","14":"shipping-taxable","15":"purchasable","16":"product-type-variable"},"jetpack_sharing_enabled":true,"_links":{"self":[{"href":"https:\/\/rudema.cl\/index.php?rest_route=\/wp\/v2\/product\/1370","targetHints":{"allow":["GET"]}}],"collection":[{"href":"https:\/\/rudema.cl\/index.php?rest_route=\/wp\/v2\/product"}],"about":[{"href":"https:\/\/rudema.cl\/index.php?rest_route=\/wp\/v2\/types\/product"}],"replies":[{"embeddable":true,"href":"https:\/\/rudema.cl\/index.php?rest_route=%2Fwp%2Fv2%2Fcomments&post=1370"}],"wp:featuredmedia":[{"embeddable":true,"href":"https:\/\/rudema.cl\/index.php?rest_route=\/wp\/v2\/media\/1377"}],"wp:attachment":[{"href":"https:\/\/rudema.cl\/index.php?rest_route=%2Fwp%2Fv2%2Fmedia&parent=1370"}],"wp:term":[{"taxonomy":"product_brand","embeddable":true,"href":"https:\/\/rudema.cl\/index.php?rest_route=%2Fwp%2Fv2%2Fproduct_brand&post=1370"},{"taxonomy":"product_cat","embeddable":true,"href":"https:\/\/rudema.cl\/index.php?rest_route=%2Fwp%2Fv2%2Fproduct_cat&post=1370"},{"taxonomy":"product_tag","embeddable":true,"href":"https:\/\/rudema.cl\/index.php?rest_route=%2Fwp%2Fv2%2Fproduct_tag&post=1370"}],"curies":[{"name":"wp","href":"https:\/\/api.w.org\/{rel}","templated":true}]}}