{"id":1006,"date":"2023-07-02T22:36:40","date_gmt":"2023-07-03T02:36:40","guid":{"rendered":"https:\/\/rudema.cl\/?post_type=product&#038;p=1006"},"modified":"2024-03-04T16:23:21","modified_gmt":"2024-03-04T20:23:21","slug":"aromatizador-auto","status":"publish","type":"product","link":"https:\/\/rudema.cl\/?product=aromatizador-auto","title":{"rendered":"Aromatizador Auto"},"content":{"rendered":"<p>Lleva contigo ese aroma que tanto amas con nuestros aromatizantes para autos, no solo tu casa tendr\u00e1 ese aroma c\u00e1lido y delicioso, tu auto tambi\u00e9n!<\/p>\n<p>Caracter\u00edsticas:<br \/>\nConoce nuestra nueva linea de aromatizantes premium, elaborada a mano con productos de la m\u00e1s alta calidad por lo que lograr\u00e1s que tus espacios siempre est\u00e9n aromatizados con tus fragancias favoritas.<br \/>\nContenido: 10 Ml.<br \/>\nEnvase de vidrio \u00e1mbar reutilizable.<\/p>\n<p>Recomendaciones de cuidado:<br \/>\n\u2013 Mantenga fuera del alcance de ni\u00f1os y mascotas<br \/>\n\u2013 No ingerir<br \/>\n\u2013 Manipular con cuidado ya que podr\u00eda derramarse.<br \/>\n*El uso correcto de nuestros productos es tu responsabilidad, evita accidentes.<\/p>\n","protected":false},"excerpt":{"rendered":"<p>Dale a tu auto ese toque especial con nuestros aromatizantes<\/p>\n<p>Disponibles en 6 aromas:<\/p>\n","protected":false},"featured_media":1013,"comment_status":"open","ping_status":"closed","template":"","meta":{"site-sidebar-layout":"default","site-content-layout":"default","ast-site-content-layout":"default","site-content-style":"default","site-sidebar-style":"default","ast-global-header-display":"","ast-banner-title-visibility":"","ast-main-header-display":"","ast-hfb-above-header-display":"","ast-hfb-below-header-display":"","ast-hfb-mobile-header-display":"","site-post-title":"","ast-breadcrumbs-content":"","ast-featured-img":"","footer-sml-layout":"","theme-transparent-header-meta":"default","adv-header-id-meta":"","stick-header-meta":"","header-above-stick-meta":"","header-main-stick-meta":"","header-below-stick-meta":"","astra-migrate-meta-layouts":"default","ast-page-background-enabled":"default","ast-page-background-meta":{"desktop":{"background-color":"var(--ast-global-color-4)","background-image":"","background-repeat":"repeat","background-position":"center center","background-size":"auto","background-attachment":"scroll","background-type":"","background-media":"","overlay-type":"","overlay-color":"","overlay-opacity":"","overlay-gradient":""},"tablet":{"background-color":"","background-image":"","background-repeat":"repeat","background-position":"center center","background-size":"auto","background-attachment":"scroll","background-type":"","background-media":"","overlay-type":"","overlay-color":"","overlay-opacity":"","overlay-gradient":""},"mobile":{"background-color":"","background-image":"","background-repeat":"repeat","background-position":"center center","background-size":"auto","background-attachment":"scroll","background-type":"","background-media":"","overlay-type":"","overlay-color":"","overlay-opacity":"","overlay-gradient":""}},"ast-content-background-meta":{"desktop":{"background-color":"var(--ast-global-color-5)","background-image":"","background-repeat":"repeat","background-position":"center center","background-size":"auto","background-attachment":"scroll","background-type":"","background-media":"","overlay-type":"","overlay-color":"","overlay-opacity":"","overlay-gradient":""},"tablet":{"background-color":"var(--ast-global-color-5)","background-image":"","background-repeat":"repeat","background-position":"center center","background-size":"auto","background-attachment":"scroll","background-type":"","background-media":"","overlay-type":"","overlay-color":"","overlay-opacity":"","overlay-gradient":""},"mobile":{"background-color":"var(--ast-global-color-5)","background-image":"","background-repeat":"repeat","background-position":"center center","background-size":"auto","background-attachment":"scroll","background-type":"","background-media":"","overlay-type":"","overlay-color":"","overlay-opacity":"","overlay-gradient":""}}},"product_brand":[],"product_cat":[26],"product_tag":[],"class_list":{"0":"post-1006","1":"product","2":"type-product","3":"status-publish","4":"has-post-thumbnail","6":"product_cat-aromatizantes","7":"desktop-align-left","8":"tablet-align-left","9":"mobile-align-left","11":"first","12":"outofstock","13":"shipping-taxable","14":"purchasable","15":"product-type-variable"},"jetpack_sharing_enabled":true,"_links":{"self":[{"href":"https:\/\/rudema.cl\/index.php?rest_route=\/wp\/v2\/product\/1006","targetHints":{"allow":["GET"]}}],"collection":[{"href":"https:\/\/rudema.cl\/index.php?rest_route=\/wp\/v2\/product"}],"about":[{"href":"https:\/\/rudema.cl\/index.php?rest_route=\/wp\/v2\/types\/product"}],"replies":[{"embeddable":true,"href":"https:\/\/rudema.cl\/index.php?rest_route=%2Fwp%2Fv2%2Fcomments&post=1006"}],"wp:featuredmedia":[{"embeddable":true,"href":"https:\/\/rudema.cl\/index.php?rest_route=\/wp\/v2\/media\/1013"}],"wp:attachment":[{"href":"https:\/\/rudema.cl\/index.php?rest_route=%2Fwp%2Fv2%2Fmedia&parent=1006"}],"wp:term":[{"taxonomy":"product_brand","embeddable":true,"href":"https:\/\/rudema.cl\/index.php?rest_route=%2Fwp%2Fv2%2Fproduct_brand&post=1006"},{"taxonomy":"product_cat","embeddable":true,"href":"https:\/\/rudema.cl\/index.php?rest_route=%2Fwp%2Fv2%2Fproduct_cat&post=1006"},{"taxonomy":"product_tag","embeddable":true,"href":"https:\/\/rudema.cl\/index.php?rest_route=%2Fwp%2Fv2%2Fproduct_tag&post=1006"}],"curies":[{"name":"wp","href":"https:\/\/api.w.org\/{rel}","templated":true}]}}