{"id":731,"date":"2023-06-27T14:25:39","date_gmt":"2023-06-27T18:25:39","guid":{"rendered":"https:\/\/rudema.cl\/?page_id=731"},"modified":"2023-07-28T12:04:54","modified_gmt":"2023-07-28T16:04:54","slug":"carrito","status":"publish","type":"page","link":"https:\/\/rudema.cl\/?page_id=731","title":{"rendered":"Carrito"},"content":{"rendered":"<style>.elementor-731 .elementor-element.elementor-element-7719f3d .coupon .input-text:focus, .elementor-731 .elementor-element.elementor-element-7719f3d .e-cart-totals .input-text:focus, .elementor-731 .elementor-element.elementor-element-7719f3d select:focus, .elementor-731 .elementor-element.elementor-element-7719f3d .select2-selection--single:focus{background-color:transparent;background-image:linear-gradient(180deg, #777D6D 0%, #777D6D 100%);box-shadow:0px 0px 10px 0px rgba(255, 255, 255, 0.5);}.elementor-731 .elementor-element.elementor-element-7719f3d .shop_table .button:hover, .elementor-731 .elementor-element.elementor-element-7719f3d .shop_table .button:disabled[disabled]:hover{background-color:transparent;background-image:linear-gradient(180deg, #777D6D 0%, #777D6D 100%);}.elementor-731 .elementor-element.elementor-element-7719f3d .woocommerce .wc-proceed-to-checkout .checkout-button{background-color:transparent;background-image:linear-gradient(180deg, #777D6D 0%, #777D6D 100%);}.elementor-731 .elementor-element.elementor-element-7719f3d .woocommerce .wc-proceed-to-checkout .checkout-button:hover{background-color:transparent;background-image:linear-gradient(180deg, #777D6D 0%, #777D6D 100%);}.elementor-731 .elementor-element.elementor-element-7719f3d{--sections-background-color:#FFFFFF;--sections-border-color:#777D6D;--sections-title-color:#777D6D;--links-normal-color:#C69682;--links-hover-color:#AD7C67;--sections-radio-buttons-color:#777D6D;--forms-fields-normal-color:#777D6D;--forms-fields-focus-color:#FFFFFF;--forms-buttons-normal-text-color:#777D6D;--forms-buttons-hover-text-color:#FFFFFF;--forms-buttons-hover-border-color:#777D6D;--forms-buttons-border-type:solid;--forms-buttons-border-color:#777D6D;--order-summary-color:#949494;--order-summary-variations-color:#868686;--product-link-normal-color:#C69682;--product-link-hover-color:#A0705C;--order-summary-items-divider-color:#ADADAD;--order-summary-quantity-border-color:#777D6D;--order-summary-remove-icon-normal-color:#767D6B;--order-summary-remove-icon-hover-color:#767D6B;--totals-color:#8A8A8A;--totals-divider-color:#777D6D;--checkout-button-normal-text-color:#FFFFFF;--checkout-button-hover-text-color:#777D6D;--checkout-button-hover-border-color:#777D6D;}.elementor-731 .elementor-element.elementor-element-7719f3d .cart_totals h2{font-family:\"Be Vietnam Pro\", Sans-serif;font-weight:400;}.elementor-731 .elementor-element.elementor-element-7719f3d {--sections-descriptions-color:#9E9E9E;}.elementor-731 .elementor-element.elementor-element-7719f3d .e-cart-content, .elementor-731 .elementor-element.elementor-element-7719f3d .woocommerce-shipping-destination, .elementor-731 .elementor-element.elementor-element-7719f3d .shipping-calculator-button{font-family:\"Be Vietnam Pro\", Sans-serif;font-weight:300;}.elementor-731 .elementor-element.elementor-element-7719f3d #shipping_method li label{font-family:\"Be Vietnam Pro\", Sans-serif;}.elementor-731 .elementor-element.elementor-element-7719f3d .coupon .input-text, .elementor-731 .elementor-element.elementor-element-7719f3d .cart-collaterals .input-text, .elementor-731 .elementor-element.elementor-element-7719f3d select, .elementor-731 .elementor-element.elementor-element-7719f3d .select2-selection--single{font-family:\"Be Vietnam Pro\", Sans-serif;font-weight:400;}.e-woo-select2-wrapper .select2-results__option{color:#777D6D;}.elementor-731 .elementor-element.elementor-element-7719f3d .select2-container--default .select2-selection--single .select2-selection__arrow b{border-color:#777D6D transparent transparent transparent;}.e-woo-select2-wrapper .select2-results__option:focus{color:#FFFFFF;}.elementor-731 .elementor-element.elementor-element-7719f3d .shop_table .button{font-family:\"Be Vietnam Pro\", Sans-serif;font-weight:400;border-width:1px 1px 1px 1px;}.elementor-731 .elementor-element.elementor-element-7719f3d .woocommerce-cart-form{--order-summary-title-color:#777D6D;}.elementor-731 .elementor-element.elementor-element-7719f3d .e-shop-table .cart th, .elementor-731 .elementor-element.elementor-element-7719f3d .e-shop-table .cart td:before{font-family:\"Be Vietnam Pro\", Sans-serif;font-weight:400;}.elementor-731 .elementor-element.elementor-element-7719f3d .cart td span, .elementor-731 .elementor-element.elementor-element-7719f3d .cart td, .elementor-731 .elementor-element.elementor-element-7719f3d .input-text.qty{font-family:\"Be Vietnam Pro\", Sans-serif;font-weight:400;}.elementor-731 .elementor-element.elementor-element-7719f3d .product-name .variation{font-family:\"Be Vietnam Pro\", Sans-serif;font-weight:400;}.elementor-731 .elementor-element.elementor-element-7719f3d .cart_totals .shop_table td:before, .elementor-731 .elementor-element.elementor-element-7719f3d .cart_totals .shop_table td .woocommerce-Price-amount{font-family:\"Be Vietnam Pro\", Sans-serif;font-weight:400;}.elementor-731 .elementor-element.elementor-element-7719f3d .checkout-button{font-family:\"Be Vietnam Pro\", Sans-serif;font-weight:400;border-style:solid;border-width:1px 1px 1px 1px;border-color:#777D6D;}<\/style>\t\t<div data-elementor-type=\"wp-page\" data-elementor-id=\"731\" class=\"elementor elementor-731\" data-elementor-post-type=\"page\">\n\t\t\t\t\t\t<section class=\"elementor-section elementor-top-section elementor-element elementor-element-b5d572f elementor-section-boxed elementor-section-height-default elementor-section-height-default\" data-id=\"b5d572f\" data-element_type=\"section\">\n\t\t\t\t\t\t<div class=\"elementor-container elementor-column-gap-default\">\n\t\t\t\t\t<div class=\"elementor-column elementor-col-100 elementor-top-column elementor-element elementor-element-baccb1a\" data-id=\"baccb1a\" data-element_type=\"column\">\n\t\t\t<div class=\"elementor-widget-wrap elementor-element-populated\">\n\t\t\t\t\t\t<div class=\"elementor-element elementor-element-7719f3d e-cart-layout-two-column elementor-widget elementor-widget-woocommerce-cart\" data-id=\"7719f3d\" data-element_type=\"widget\" data-widget_type=\"woocommerce-cart.default\">\n\t\t\t\t<div class=\"elementor-widget-container\">\n\t\t\t\t\t<div class=\"woocommerce\"><div class=\"woocommerce-notices-wrapper\"><\/div><div class=\"wc-empty-cart-message\">\n\t<div class=\"cart-empty woocommerce-info\" role=\"status\">\n\t\tTu carrito est\u00e1 vac\u00edo.\t<\/div>\n<\/div>\t<p class=\"return-to-shop\">\n\t\t<a class=\"button wc-backward\" href=\"https:\/\/rudema.cl\/?page_id=101\">\n\t\t\tVolver a la tienda\t\t<\/a>\n\t<\/p>\n<\/div>\t\t\t\t<\/div>\n\t\t\t\t<\/div>\n\t\t\t\t\t<\/div>\n\t\t<\/div>\n\t\t\t\t\t<\/div>\n\t\t<\/section>\n\t\t\t\t<\/div>\n\t\t","protected":false},"excerpt":{"rendered":"<p>Eliminar art\u00edculo Imagen en miniatura Producto Precio Cantidad Subtotal Vela Lavanda Escencial &#8211; 220grs &#36;14.900 Vela Lavanda Escencial &#8211; 220grs cantidad &#36;14.900 Actualizaci\u00f3n de la compra Agrega tu cup\u00f3n Total de tu pedido Subtotal &#36;14.900 Cup\u00f3n: rudema10 &#8211;&#036;1.490 [Eliminar] Env\u00edo Los costes de env\u00edo se calculan al finalizar compra. Total &#36;13.410 Ir al carrito<\/p>\n","protected":false},"author":1,"featured_media":0,"parent":0,"menu_order":0,"comment_status":"closed","ping_status":"closed","template":"","meta":{"site-sidebar-layout":"no-sidebar","site-content-layout":"page-builder","ast-site-content-layout":"default","site-content-style":"default","site-sidebar-style":"default","ast-global-header-display":"disabled","ast-banner-title-visibility":"","ast-main-header-display":"","ast-hfb-above-header-display":"","ast-hfb-below-header-display":"","ast-hfb-mobile-header-display":"","site-post-title":"disabled","ast-breadcrumbs-content":"","ast-featured-img":"disabled","footer-sml-layout":"","theme-transparent-header-meta":"","adv-header-id-meta":"","stick-header-meta":"","header-above-stick-meta":"","header-main-stick-meta":"","header-below-stick-meta":"","astra-migrate-meta-layouts":"default","ast-page-background-enabled":"default","ast-page-background-meta":{"desktop":{"background-color":"var(--ast-global-color-4)","background-image":"","background-repeat":"repeat","background-position":"center center","background-size":"auto","background-attachment":"scroll","background-type":"","background-media":"","overlay-type":"","overlay-color":"","overlay-opacity":"","overlay-gradient":""},"tablet":{"background-color":"","background-image":"","background-repeat":"repeat","background-position":"center center","background-size":"auto","background-attachment":"scroll","background-type":"","background-media":"","overlay-type":"","overlay-color":"","overlay-opacity":"","overlay-gradient":""},"mobile":{"background-color":"","background-image":"","background-repeat":"repeat","background-position":"center center","background-size":"auto","background-attachment":"scroll","background-type":"","background-media":"","overlay-type":"","overlay-color":"","overlay-opacity":"","overlay-gradient":""}},"ast-content-background-meta":{"desktop":{"background-color":"var(--ast-global-color-5)","background-image":"","background-repeat":"repeat","background-position":"center center","background-size":"auto","background-attachment":"scroll","background-type":"","background-media":"","overlay-type":"","overlay-color":"","overlay-opacity":"","overlay-gradient":""},"tablet":{"background-color":"var(--ast-global-color-5)","background-image":"","background-repeat":"repeat","background-position":"center center","background-size":"auto","background-attachment":"scroll","background-type":"","background-media":"","overlay-type":"","overlay-color":"","overlay-opacity":"","overlay-gradient":""},"mobile":{"background-color":"var(--ast-global-color-5)","background-image":"","background-repeat":"repeat","background-position":"center center","background-size":"auto","background-attachment":"scroll","background-type":"","background-media":"","overlay-type":"","overlay-color":"","overlay-opacity":"","overlay-gradient":""}},"footnotes":""},"class_list":["post-731","page","type-page","status-publish","hentry"],"jetpack_sharing_enabled":true,"_links":{"self":[{"href":"https:\/\/rudema.cl\/index.php?rest_route=\/wp\/v2\/pages\/731","targetHints":{"allow":["GET"]}}],"collection":[{"href":"https:\/\/rudema.cl\/index.php?rest_route=\/wp\/v2\/pages"}],"about":[{"href":"https:\/\/rudema.cl\/index.php?rest_route=\/wp\/v2\/types\/page"}],"author":[{"embeddable":true,"href":"https:\/\/rudema.cl\/index.php?rest_route=\/wp\/v2\/users\/1"}],"replies":[{"embeddable":true,"href":"https:\/\/rudema.cl\/index.php?rest_route=%2Fwp%2Fv2%2Fcomments&post=731"}],"version-history":[{"count":31,"href":"https:\/\/rudema.cl\/index.php?rest_route=\/wp\/v2\/pages\/731\/revisions"}],"predecessor-version":[{"id":1188,"href":"https:\/\/rudema.cl\/index.php?rest_route=\/wp\/v2\/pages\/731\/revisions\/1188"}],"wp:attachment":[{"href":"https:\/\/rudema.cl\/index.php?rest_route=%2Fwp%2Fv2%2Fmedia&parent=731"}],"curies":[{"name":"wp","href":"https:\/\/api.w.org\/{rel}","templated":true}]}}