{"id":595,"date":"2023-06-27T07:57:09","date_gmt":"2023-06-27T11:57:09","guid":{"rendered":"https:\/\/rudema.cl\/?page_id=595"},"modified":"2023-06-30T13:18:54","modified_gmt":"2023-06-30T17:18:54","slug":"envios","status":"publish","type":"page","link":"https:\/\/rudema.cl\/?page_id=595","title":{"rendered":"Env\u00edos"},"content":{"rendered":"<style>.elementor-595 .elementor-element.elementor-element-d5dd547{transition:background 0.3s, border 0.3s, border-radius 0.3s, box-shadow 0.3s;padding:60px 0px 40px 0px;}.elementor-595 .elementor-element.elementor-element-d5dd547 > .elementor-background-overlay{transition:background 0.3s, border-radius 0.3s, opacity 0.3s;}.elementor-595 .elementor-element.elementor-element-0abf5d4 > .elementor-element-populated{margin:0% 5% 0% 5%;--e-column-margin-right:5%;--e-column-margin-left:5%;}.elementor-595 .elementor-element.elementor-element-d476941 > .elementor-widget-container{margin:0px 0px -15px 0px;}.elementor-595 .elementor-element.elementor-element-d476941{z-index:2;text-align:center;}.elementor-595 .elementor-element.elementor-element-d476941 .elementor-heading-title{font-family:\"Be Vietnam Pro\", Sans-serif;font-weight:300;letter-spacing:2px;color:#808080;}.elementor-595 .elementor-element.elementor-element-2a107fe > .elementor-widget-container{margin:-26px 0px 0px 0px;}.elementor-595 .elementor-element.elementor-element-2a107fe{z-index:2;text-align:center;}.elementor-595 .elementor-element.elementor-element-2a107fe .elementor-heading-title{font-family:\"Noto Serif\", Sans-serif;font-size:70px;font-weight:200;font-style:italic;letter-spacing:6px;color:#777D6D;}.elementor-595 .elementor-element.elementor-element-107901d > .elementor-widget-container{margin:0px 0px 0px 0px;}body:not(.rtl) .elementor-595 .elementor-element.elementor-element-107901d{left:-0.246%;}body.rtl .elementor-595 .elementor-element.elementor-element-107901d{right:-0.246%;}.elementor-595 .elementor-element.elementor-element-107901d{top:0.43%;}.elementor-595 .elementor-element.elementor-element-107901d img{width:472px;max-width:157px;height:133px;opacity:0.32;}.elementor-595 .elementor-element.elementor-element-aa1df3a{overflow:hidden;transition:background 0.3s, border 0.3s, border-radius 0.3s, box-shadow 0.3s;padding:100px 0px 80px 0px;}.elementor-595 .elementor-element.elementor-element-aa1df3a > .elementor-background-overlay{transition:background 0.3s, border-radius 0.3s, opacity 0.3s;}body:not(.rtl) .elementor-595 .elementor-element.elementor-element-67346353{left:-27%;}body.rtl .elementor-595 .elementor-element.elementor-element-67346353{right:-27%;}.elementor-595 .elementor-element.elementor-element-67346353{top:47%;}.elementor-595 .elementor-element.elementor-element-37dd61c9{z-index:2;}.elementor-595 .elementor-element.elementor-element-37dd61c9 img{width:100%;max-width:100%;height:500px;object-fit:cover;object-position:center center;border-radius:260px 260px 0px 0px;}body:not(.rtl) .elementor-595 .elementor-element.elementor-element-460a1264{left:-47%;}body.rtl .elementor-595 .elementor-element.elementor-element-460a1264{right:-47%;}.elementor-595 .elementor-element.elementor-element-460a1264{top:65%;z-index:0;}.elementor-595 .elementor-element.elementor-element-460a1264 img{width:46%;max-width:40%;height:202px;opacity:1;}.elementor-bc-flex-widget .elementor-595 .elementor-element.elementor-element-79c2a8eb.elementor-column .elementor-widget-wrap{align-items:center;}.elementor-595 .elementor-element.elementor-element-79c2a8eb.elementor-column.elementor-element[data-element_type=\"column\"] > .elementor-widget-wrap.elementor-element-populated{align-content:center;align-items:center;}.elementor-595 .elementor-element.elementor-element-79c2a8eb > .elementor-element-populated{margin:0px 130px 0px 50px;--e-column-margin-right:130px;--e-column-margin-left:50px;}.elementor-595 .elementor-element.elementor-element-59c7973a .elementor-heading-title{font-family:\"Be Vietnam Pro\", Sans-serif;font-size:14px;font-weight:400;text-transform:uppercase;line-height:1.25em;letter-spacing:2.2px;color:#C69682;}.elementor-595 .elementor-element.elementor-element-36961f7 .elementor-heading-title{font-family:\"Be Vietnam Pro\", Sans-serif;font-size:20px;font-weight:500;color:#767D6B;}.elementor-595 .elementor-element.elementor-element-16e58c3f{z-index:2;font-family:\"Be Vietnam Pro\", Sans-serif;font-weight:400;color:#767D6B;}.elementor-595 .elementor-element.elementor-element-68b948b .elementor-tab-content{border-block-end-color:#767D6B;background-color:#FFFFFF;color:#838383;font-family:\"Be Vietnam Pro\", Sans-serif;}.elementor-595 .elementor-element.elementor-element-68b948b .elementor-tab-title{border-color:#767D6B;background-color:#FFFFFF;}.elementor-595 .elementor-element.elementor-element-68b948b .elementor-toggle-title, .elementor-595 .elementor-element.elementor-element-68b948b .elementor-toggle-icon{color:#767D6B;}.elementor-595 .elementor-element.elementor-element-68b948b .elementor-toggle-icon svg{fill:#767D6B;}.elementor-595 .elementor-element.elementor-element-68b948b .elementor-tab-title.elementor-active a, .elementor-595 .elementor-element.elementor-element-68b948b .elementor-tab-title.elementor-active .elementor-toggle-icon{color:#767D6B;}.elementor-595 .elementor-element.elementor-element-68b948b .elementor-toggle-title{font-family:\"Be Vietnam Pro\", Sans-serif;font-weight:400;text-decoration:none;letter-spacing:1px;}.elementor-595 .elementor-element.elementor-element-68b948b .elementor-tab-title .elementor-toggle-icon i:before{color:#767D6B;}.elementor-595 .elementor-element.elementor-element-68b948b .elementor-tab-title .elementor-toggle-icon svg{fill:#767D6B;}.elementor-595 .elementor-element.elementor-element-2b5e6f0b .elementor-button{background-color:#FFFFFF;fill:#767D6B;color:#767D6B;border-style:solid;border-width:1px 1px 1px 1px;border-color:#767D6B;}.elementor-595 .elementor-element.elementor-element-2b5e6f0b .elementor-button:hover, .elementor-595 .elementor-element.elementor-element-2b5e6f0b .elementor-button:focus{background-color:#767D6B;color:#FFFFFF;border-color:#767D6B;}.elementor-595 .elementor-element.elementor-element-2b5e6f0b .elementor-button:hover svg, .elementor-595 .elementor-element.elementor-element-2b5e6f0b .elementor-button:focus svg{fill:#FFFFFF;}body:not(.rtl) .elementor-595 .elementor-element.elementor-element-655ec606{left:39.335%;}body.rtl .elementor-595 .elementor-element.elementor-element-655ec606{right:39.335%;}.elementor-595 .elementor-element.elementor-element-655ec606{top:4.761%;}.elementor-595 .elementor-element.elementor-element-655ec606 img{width:172px;max-width:172px;height:122px;opacity:1;}@media(max-width:1024px){.elementor-595 .elementor-element.elementor-element-d5dd547{padding:60px 0px 60px 0px;}.elementor-595 .elementor-element.elementor-element-0abf5d4 > .elementor-element-populated{margin:0px 0px 0px 0px;--e-column-margin-right:0px;--e-column-margin-left:0px;}.elementor-595 .elementor-element.elementor-element-aa1df3a{padding:60px 0px 60px 0px;}.elementor-595 .elementor-element.elementor-element-37dd61c9 img{height:700px;border-radius:450px 450px 0px 0px;}.elementor-595 .elementor-element.elementor-element-79c2a8eb > .elementor-element-populated{margin:-20px 0px 0px 0px;--e-column-margin-right:0px;--e-column-margin-left:0px;}body:not(.rtl) .elementor-595 .elementor-element.elementor-element-655ec606{left:-286px;}body.rtl .elementor-595 .elementor-element.elementor-element-655ec606{right:-286px;}.elementor-595 .elementor-element.elementor-element-655ec606{top:4px;}}@media(max-width:767px){.elementor-595 .elementor-element.elementor-element-d5dd547{padding:30px 0px 20px 0px;}.elementor-595 .elementor-element.elementor-element-0abf5d4 > .elementor-element-populated{margin:0px 0px 0px 0px;--e-column-margin-right:0px;--e-column-margin-left:0px;}body:not(.rtl) .elementor-595 .elementor-element.elementor-element-107901d{left:-1.578px;}body.rtl .elementor-595 .elementor-element.elementor-element-107901d{right:-1.578px;}.elementor-595 .elementor-element.elementor-element-107901d{top:29.531px;}.elementor-595 .elementor-element.elementor-element-aa1df3a{padding:50px 0px 40px 0px;}body:not(.rtl) .elementor-595 .elementor-element.elementor-element-67346353{left:-73.312px;}body.rtl .elementor-595 .elementor-element.elementor-element-67346353{right:-73.312px;}.elementor-595 .elementor-element.elementor-element-67346353{top:194.594px;}.elementor-595 .elementor-element.elementor-element-37dd61c9 img{width:100%;max-width:100%;height:420px;}.elementor-595 .elementor-element.elementor-element-79c2a8eb > .elementor-element-populated{margin:-30px 0px 0px 0px;--e-column-margin-right:0px;--e-column-margin-left:0px;}}@media(min-width:768px){.elementor-595 .elementor-element.elementor-element-1c0620cf{width:41.666666666667%;}.elementor-595 .elementor-element.elementor-element-79c2a8eb{width:58.333%;}}@media(max-width:1024px) and (min-width:768px){.elementor-595 .elementor-element.elementor-element-1c0620cf{width:100%;}.elementor-595 .elementor-element.elementor-element-79c2a8eb{width:100%;}}<\/style>\t\t<div data-elementor-type=\"wp-page\" data-elementor-id=\"595\" class=\"elementor elementor-595\" data-elementor-post-type=\"page\">\n\t\t\t\t\t\t<section class=\"elementor-section elementor-top-section elementor-element elementor-element-d5dd547 elementor-section-boxed elementor-section-height-default elementor-section-height-default\" data-id=\"d5dd547\" data-element_type=\"section\" data-settings=\"{&quot;background_background&quot;:&quot;classic&quot;}\">\n\t\t\t\t\t\t<div class=\"elementor-container elementor-column-gap-wide\">\n\t\t\t\t\t<div class=\"elementor-column elementor-col-100 elementor-top-column elementor-element elementor-element-0abf5d4\" data-id=\"0abf5d4\" data-element_type=\"column\">\n\t\t\t<div class=\"elementor-widget-wrap elementor-element-populated\">\n\t\t\t\t\t\t<div class=\"elementor-element elementor-element-d476941 elementor-widget elementor-widget-heading\" data-id=\"d476941\" data-element_type=\"widget\" data-widget_type=\"heading.default\">\n\t\t\t\t<div class=\"elementor-widget-container\">\n\t\t\t\t\t<h5 class=\"elementor-heading-title elementor-size-default\">INFORMACI\u00d3N DE<\/h5>\t\t\t\t<\/div>\n\t\t\t\t<\/div>\n\t\t\t\t<div class=\"elementor-element elementor-element-2a107fe elementor-widget elementor-widget-heading\" data-id=\"2a107fe\" data-element_type=\"widget\" data-widget_type=\"heading.default\">\n\t\t\t\t<div class=\"elementor-widget-container\">\n\t\t\t\t\t<h1 class=\"elementor-heading-title elementor-size-default\">Env\u00edos<\/h1>\t\t\t\t<\/div>\n\t\t\t\t<\/div>\n\t\t\t\t<div class=\"elementor-element elementor-element-107901d elementor-absolute elementor-widget elementor-widget-image\" data-id=\"107901d\" data-element_type=\"widget\" data-settings=\"{&quot;_position&quot;:&quot;absolute&quot;}\" data-widget_type=\"image.default\">\n\t\t\t\t<div class=\"elementor-widget-container\">\n\t\t\t\t\t\t\t\t\t\t\t\t\t\t\t<img fetchpriority=\"high\" decoding=\"async\" width=\"296\" height=\"334\" src=\"https:\/\/i0.wp.com\/rudema.cl\/wp-content\/uploads\/2023\/06\/13.png?fit=296%2C334&amp;ssl=1\" class=\"attachment-large size-large wp-image-281\" alt=\"\" srcset=\"https:\/\/i0.wp.com\/rudema.cl\/wp-content\/uploads\/2023\/06\/13.png?w=296&amp;ssl=1 296w, https:\/\/i0.wp.com\/rudema.cl\/wp-content\/uploads\/2023\/06\/13.png?resize=266%2C300&amp;ssl=1 266w\" sizes=\"(max-width: 296px) 100vw, 296px\" \/>\t\t\t\t\t\t\t\t\t\t\t\t\t\t\t<\/div>\n\t\t\t\t<\/div>\n\t\t\t\t\t<\/div>\n\t\t<\/div>\n\t\t\t\t\t<\/div>\n\t\t<\/section>\n\t\t\t\t<section class=\"elementor-section elementor-top-section elementor-element elementor-element-aa1df3a elementor-section-boxed elementor-section-height-default elementor-section-height-default\" data-id=\"aa1df3a\" data-element_type=\"section\" data-settings=\"{&quot;background_background&quot;:&quot;classic&quot;}\">\n\t\t\t\t\t\t<div class=\"elementor-container elementor-column-gap-wide\">\n\t\t\t\t\t<div class=\"elementor-column elementor-col-50 elementor-top-column elementor-element elementor-element-1c0620cf\" data-id=\"1c0620cf\" data-element_type=\"column\">\n\t\t\t<div class=\"elementor-widget-wrap elementor-element-populated\">\n\t\t\t\t\t\t<div class=\"elementor-element elementor-element-67346353 elementor-absolute elementor-hidden-phone elementor-widget elementor-widget-image\" data-id=\"67346353\" data-element_type=\"widget\" data-settings=\"{&quot;_position&quot;:&quot;absolute&quot;}\" data-widget_type=\"image.default\">\n\t\t\t\t<div class=\"elementor-widget-container\">\n\t\t\t\t\t\t\t\t\t\t\t\t\t\t\t<img decoding=\"async\" width=\"341\" height=\"315\" src=\"https:\/\/i0.wp.com\/rudema.cl\/wp-content\/uploads\/2023\/06\/17-1.png?fit=341%2C315&amp;ssl=1\" class=\"attachment-large size-large wp-image-300\" alt=\"\" srcset=\"https:\/\/i0.wp.com\/rudema.cl\/wp-content\/uploads\/2023\/06\/17-1.png?w=341&amp;ssl=1 341w, https:\/\/i0.wp.com\/rudema.cl\/wp-content\/uploads\/2023\/06\/17-1.png?resize=300%2C277&amp;ssl=1 300w\" sizes=\"(max-width: 341px) 100vw, 341px\" \/>\t\t\t\t\t\t\t\t\t\t\t\t\t\t\t<\/div>\n\t\t\t\t<\/div>\n\t\t\t\t<div class=\"elementor-element elementor-element-37dd61c9 elementor-widget elementor-widget-image\" data-id=\"37dd61c9\" data-element_type=\"widget\" data-widget_type=\"image.default\">\n\t\t\t\t<div class=\"elementor-widget-container\">\n\t\t\t\t\t\t\t\t\t\t\t\t\t\t\t<img decoding=\"async\" width=\"800\" height=\"1000\" src=\"https:\/\/i0.wp.com\/rudema.cl\/wp-content\/uploads\/2023\/06\/AD1C90BC-97E8-4228-8981-04379F989E70.png?fit=800%2C1000&amp;ssl=1\" class=\"attachment-large size-large wp-image-189\" alt=\"\" srcset=\"https:\/\/i0.wp.com\/rudema.cl\/wp-content\/uploads\/2023\/06\/AD1C90BC-97E8-4228-8981-04379F989E70.png?w=800&amp;ssl=1 800w, https:\/\/i0.wp.com\/rudema.cl\/wp-content\/uploads\/2023\/06\/AD1C90BC-97E8-4228-8981-04379F989E70.png?resize=240%2C300&amp;ssl=1 240w, https:\/\/i0.wp.com\/rudema.cl\/wp-content\/uploads\/2023\/06\/AD1C90BC-97E8-4228-8981-04379F989E70.png?resize=768%2C960&amp;ssl=1 768w, https:\/\/i0.wp.com\/rudema.cl\/wp-content\/uploads\/2023\/06\/AD1C90BC-97E8-4228-8981-04379F989E70.png?resize=600%2C750&amp;ssl=1 600w\" sizes=\"(max-width: 800px) 100vw, 800px\" \/>\t\t\t\t\t\t\t\t\t\t\t\t\t\t\t<\/div>\n\t\t\t\t<\/div>\n\t\t\t\t<div class=\"elementor-element elementor-element-460a1264 elementor-absolute elementor-hidden-phone elementor-widget elementor-widget-image\" data-id=\"460a1264\" data-element_type=\"widget\" data-settings=\"{&quot;_position&quot;:&quot;absolute&quot;}\" data-widget_type=\"image.default\">\n\t\t\t\t<div class=\"elementor-widget-container\">\n\t\t\t\t\t\t\t\t\t\t\t\t\t\t\t<img loading=\"lazy\" decoding=\"async\" width=\"212\" height=\"338\" src=\"https:\/\/i0.wp.com\/rudema.cl\/wp-content\/uploads\/2023\/06\/10-1.png?fit=212%2C338&amp;ssl=1\" class=\"attachment-large size-large wp-image-292\" alt=\"\" srcset=\"https:\/\/i0.wp.com\/rudema.cl\/wp-content\/uploads\/2023\/06\/10-1.png?w=212&amp;ssl=1 212w, https:\/\/i0.wp.com\/rudema.cl\/wp-content\/uploads\/2023\/06\/10-1.png?resize=188%2C300&amp;ssl=1 188w\" sizes=\"(max-width: 212px) 100vw, 212px\" \/>\t\t\t\t\t\t\t\t\t\t\t\t\t\t\t<\/div>\n\t\t\t\t<\/div>\n\t\t\t\t\t<\/div>\n\t\t<\/div>\n\t\t\t\t<div class=\"elementor-column elementor-col-50 elementor-top-column elementor-element elementor-element-79c2a8eb\" data-id=\"79c2a8eb\" data-element_type=\"column\">\n\t\t\t<div class=\"elementor-widget-wrap elementor-element-populated\">\n\t\t\t\t\t\t<div class=\"elementor-element elementor-element-59c7973a elementor-widget elementor-widget-heading\" data-id=\"59c7973a\" data-element_type=\"widget\" data-widget_type=\"heading.default\">\n\t\t\t\t<div class=\"elementor-widget-container\">\n\t\t\t\t\t<h5 class=\"elementor-heading-title elementor-size-default\">- RUDEMA -<\/h5>\t\t\t\t<\/div>\n\t\t\t\t<\/div>\n\t\t\t\t<div class=\"elementor-element elementor-element-36961f7 elementor-widget elementor-widget-heading\" data-id=\"36961f7\" data-element_type=\"widget\" data-widget_type=\"heading.default\">\n\t\t\t\t<div class=\"elementor-widget-container\">\n\t\t\t\t\t<h2 class=\"elementor-heading-title elementor-size-default\">Disponemos de 3 clases de env\u00edos:<\/h2>\t\t\t\t<\/div>\n\t\t\t\t<\/div>\n\t\t\t\t<div class=\"elementor-element elementor-element-16e58c3f elementor-widget elementor-widget-text-editor\" data-id=\"16e58c3f\" data-element_type=\"widget\" data-widget_type=\"text-editor.default\">\n\t\t\t\t<div class=\"elementor-widget-container\">\n\t\t\t\t\t\t\t\t\t<p>Env\u00edos en Regi\u00f3n metropolitana el cual se realiza a trav\u00e9s de un sistema de reparto propio de Rudema.<br>Env\u00edos a otras Regiones, el cual se realiza a trav\u00e9s de Starken.<br>Opci\u00f3n de retiro en tienda presencial.<\/p>\n<p>Los productos objeto de la transacci\u00f3n, ser\u00e1n enviados al cliente al domicilio que \u00e9ste haya se\u00f1alado al registrarse en el sitio web o al momento de hacer la compra. Los plazos ser\u00e1n variables seg\u00fan la localidad de despacho y se encuentran detallados m\u00e1s abajo.<br>Es fundamental para nosotros como empresa recalcar que el usuario debe poner una direcci\u00f3n de despacho en la que siempre haya alguien que pueda recibir la encomienda. Ya que, en el caso en que no haya nadie para recibir el pedido en la direcci\u00f3n ingresada por el usuario o que la direcci\u00f3n no coincida con el nombre de la persona que lo est\u00e1 solicitando, sin previo aviso, se devolver\u00e1 el pedido al remitente. Y el cliente tendr\u00e1 que cancelar otro env\u00edo o ver la opci\u00f3n de retiro para recibir el pedido.<\/p>\t\t\t\t\t\t\t\t<\/div>\n\t\t\t\t<\/div>\n\t\t\t\t<div class=\"elementor-element elementor-element-68b948b elementor-widget elementor-widget-toggle\" data-id=\"68b948b\" data-element_type=\"widget\" data-widget_type=\"toggle.default\">\n\t\t\t\t<div class=\"elementor-widget-container\">\n\t\t\t\t\t\t\t<div class=\"elementor-toggle\">\n\t\t\t\t\t\t\t<div class=\"elementor-toggle-item\">\n\t\t\t\t\t<div id=\"elementor-tab-title-1091\" class=\"elementor-tab-title\" data-tab=\"1\" role=\"button\" aria-controls=\"elementor-tab-content-1091\" aria-expanded=\"false\">\n\t\t\t\t\t\t\t\t\t\t\t\t<span class=\"elementor-toggle-icon elementor-toggle-icon-left\" aria-hidden=\"true\">\n\t\t\t\t\t\t\t\t\t\t\t\t\t\t\t<span class=\"elementor-toggle-icon-closed\"><i class=\"fas fa-chevron-down\"><\/i><\/span>\n\t\t\t\t\t\t\t\t<span class=\"elementor-toggle-icon-opened\"><i class=\"elementor-toggle-icon-opened fas fa-chevron-up\"><\/i><\/span>\n\t\t\t\t\t\t\t\t\t\t\t\t\t<\/span>\n\t\t\t\t\t\t\t\t\t\t\t\t<a class=\"elementor-toggle-title\" tabindex=\"0\">VALOR DE ENV\u00cdOS<\/a>\n\t\t\t\t\t<\/div>\n\n\t\t\t\t\t<div id=\"elementor-tab-content-1091\" class=\"elementor-tab-content elementor-clearfix\" data-tab=\"1\" role=\"region\" aria-labelledby=\"elementor-tab-title-1091\"><p>Valor de env\u00edo dentro de la R.M $3.490<\/p><p>Valor env\u00edo Regiones : Por pagar a trav\u00e9s de Starken<\/p><\/div>\n\t\t\t\t<\/div>\n\t\t\t\t\t\t\t<div class=\"elementor-toggle-item\">\n\t\t\t\t\t<div id=\"elementor-tab-title-1092\" class=\"elementor-tab-title\" data-tab=\"2\" role=\"button\" aria-controls=\"elementor-tab-content-1092\" aria-expanded=\"false\">\n\t\t\t\t\t\t\t\t\t\t\t\t<span class=\"elementor-toggle-icon elementor-toggle-icon-left\" aria-hidden=\"true\">\n\t\t\t\t\t\t\t\t\t\t\t\t\t\t\t<span class=\"elementor-toggle-icon-closed\"><i class=\"fas fa-chevron-down\"><\/i><\/span>\n\t\t\t\t\t\t\t\t<span class=\"elementor-toggle-icon-opened\"><i class=\"elementor-toggle-icon-opened fas fa-chevron-up\"><\/i><\/span>\n\t\t\t\t\t\t\t\t\t\t\t\t\t<\/span>\n\t\t\t\t\t\t\t\t\t\t\t\t<a class=\"elementor-toggle-title\" tabindex=\"0\">PLAZOS<\/a>\n\t\t\t\t\t<\/div>\n\n\t\t\t\t\t<div id=\"elementor-tab-content-1092\" class=\"elementor-tab-content elementor-clearfix\" data-tab=\"2\" role=\"region\" aria-labelledby=\"elementor-tab-title-1092\"><p>Plazos dentro de la R.M : 2 a 3 d\u00edas h\u00e1biles<\/p><p>Plazo otras regiones: Hasta 5 d\u00edas h\u00e1biles, aunque el tiempo puede variar seg\u00fan las condiciones de la empresa de env\u00edos.<\/p><\/div>\n\t\t\t\t<\/div>\n\t\t\t\t\t\t\t\t<\/div>\n\t\t\t\t\t\t<\/div>\n\t\t\t\t<\/div>\n\t\t\t\t<div class=\"elementor-element elementor-element-2b5e6f0b elementor-align-center elementor-widget elementor-widget-button\" data-id=\"2b5e6f0b\" data-element_type=\"widget\" data-widget_type=\"button.default\">\n\t\t\t\t<div class=\"elementor-widget-container\">\n\t\t\t\t\t\t\t\t\t<div class=\"elementor-button-wrapper\">\n\t\t\t\t\t<a class=\"elementor-button elementor-button-link elementor-size-sm\" href=\"https:\/\/rudema.cl\/?page_id=103\">\n\t\t\t\t\t\t<span class=\"elementor-button-content-wrapper\">\n\t\t\t\t\t\t\t\t\t<span class=\"elementor-button-text\">\u00bfTIENES DUDAS? \u00a1ESCR\u00cdBENOS!<\/span>\n\t\t\t\t\t<\/span>\n\t\t\t\t\t<\/a>\n\t\t\t\t<\/div>\n\t\t\t\t\t\t\t\t<\/div>\n\t\t\t\t<\/div>\n\t\t\t\t<div class=\"elementor-element elementor-element-655ec606 elementor-absolute elementor-widget elementor-widget-image\" data-id=\"655ec606\" data-element_type=\"widget\" data-settings=\"{&quot;_position&quot;:&quot;absolute&quot;}\" data-widget_type=\"image.default\">\n\t\t\t\t<div class=\"elementor-widget-container\">\n\t\t\t\t\t\t\t\t\t\t\t\t\t\t\t<img loading=\"lazy\" decoding=\"async\" width=\"600\" height=\"449\" src=\"https:\/\/i0.wp.com\/rudema.cl\/wp-content\/uploads\/2023\/06\/8-1.png?fit=600%2C449&amp;ssl=1\" class=\"attachment-large size-large wp-image-290\" alt=\"\" srcset=\"https:\/\/i0.wp.com\/rudema.cl\/wp-content\/uploads\/2023\/06\/8-1.png?w=600&amp;ssl=1 600w, https:\/\/i0.wp.com\/rudema.cl\/wp-content\/uploads\/2023\/06\/8-1.png?resize=300%2C225&amp;ssl=1 300w\" sizes=\"(max-width: 600px) 100vw, 600px\" \/>\t\t\t\t\t\t\t\t\t\t\t\t\t\t\t<\/div>\n\t\t\t\t<\/div>\n\t\t\t\t\t<\/div>\n\t\t<\/div>\n\t\t\t\t\t<\/div>\n\t\t<\/section>\n\t\t\t\t<\/div>\n\t\t","protected":false},"excerpt":{"rendered":"<p>INFORMACI\u00d3N DE Env\u00edos &#8211; RUDEMA &#8211; Disponemos de 3 clases de env\u00edos: Env\u00edos en Regi\u00f3n metropolitana el cual se realiza a trav\u00e9s de un sistema de reparto propio de Rudema.Env\u00edos a otras Regiones, el cual se realiza a trav\u00e9s de Starken.Opci\u00f3n de retiro en tienda presencial. Los productos objeto de la transacci\u00f3n, ser\u00e1n enviados al [&hellip;]<\/p>\n","protected":false},"author":1,"featured_media":0,"parent":0,"menu_order":0,"comment_status":"closed","ping_status":"closed","template":"","meta":{"site-sidebar-layout":"no-sidebar","site-content-layout":"page-builder","ast-site-content-layout":"default","site-content-style":"default","site-sidebar-style":"default","ast-global-header-display":"disabled","ast-banner-title-visibility":"","ast-main-header-display":"","ast-hfb-above-header-display":"","ast-hfb-below-header-display":"","ast-hfb-mobile-header-display":"","site-post-title":"disabled","ast-breadcrumbs-content":"","ast-featured-img":"disabled","footer-sml-layout":"","theme-transparent-header-meta":"","adv-header-id-meta":"","stick-header-meta":"","header-above-stick-meta":"","header-main-stick-meta":"","header-below-stick-meta":"","astra-migrate-meta-layouts":"default","ast-page-background-enabled":"default","ast-page-background-meta":{"desktop":{"background-color":"var(--ast-global-color-4)","background-image":"","background-repeat":"repeat","background-position":"center center","background-size":"auto","background-attachment":"scroll","background-type":"","background-media":"","overlay-type":"","overlay-color":"","overlay-opacity":"","overlay-gradient":""},"tablet":{"background-color":"","background-image":"","background-repeat":"repeat","background-position":"center center","background-size":"auto","background-attachment":"scroll","background-type":"","background-media":"","overlay-type":"","overlay-color":"","overlay-opacity":"","overlay-gradient":""},"mobile":{"background-color":"","background-image":"","background-repeat":"repeat","background-position":"center center","background-size":"auto","background-attachment":"scroll","background-type":"","background-media":"","overlay-type":"","overlay-color":"","overlay-opacity":"","overlay-gradient":""}},"ast-content-background-meta":{"desktop":{"background-color":"var(--ast-global-color-5)","background-image":"","background-repeat":"repeat","background-position":"center center","background-size":"auto","background-attachment":"scroll","background-type":"","background-media":"","overlay-type":"","overlay-color":"","overlay-opacity":"","overlay-gradient":""},"tablet":{"background-color":"var(--ast-global-color-5)","background-image":"","background-repeat":"repeat","background-position":"center center","background-size":"auto","background-attachment":"scroll","background-type":"","background-media":"","overlay-type":"","overlay-color":"","overlay-opacity":"","overlay-gradient":""},"mobile":{"background-color":"var(--ast-global-color-5)","background-image":"","background-repeat":"repeat","background-position":"center center","background-size":"auto","background-attachment":"scroll","background-type":"","background-media":"","overlay-type":"","overlay-color":"","overlay-opacity":"","overlay-gradient":""}},"footnotes":""},"class_list":["post-595","page","type-page","status-publish","hentry"],"jetpack_sharing_enabled":true,"_links":{"self":[{"href":"https:\/\/rudema.cl\/index.php?rest_route=\/wp\/v2\/pages\/595","targetHints":{"allow":["GET"]}}],"collection":[{"href":"https:\/\/rudema.cl\/index.php?rest_route=\/wp\/v2\/pages"}],"about":[{"href":"https:\/\/rudema.cl\/index.php?rest_route=\/wp\/v2\/types\/page"}],"author":[{"embeddable":true,"href":"https:\/\/rudema.cl\/index.php?rest_route=\/wp\/v2\/users\/1"}],"replies":[{"embeddable":true,"href":"https:\/\/rudema.cl\/index.php?rest_route=%2Fwp%2Fv2%2Fcomments&post=595"}],"version-history":[{"count":13,"href":"https:\/\/rudema.cl\/index.php?rest_route=\/wp\/v2\/pages\/595\/revisions"}],"predecessor-version":[{"id":868,"href":"https:\/\/rudema.cl\/index.php?rest_route=\/wp\/v2\/pages\/595\/revisions\/868"}],"wp:attachment":[{"href":"https:\/\/rudema.cl\/index.php?rest_route=%2Fwp%2Fv2%2Fmedia&parent=595"}],"curies":[{"name":"wp","href":"https:\/\/api.w.org\/{rel}","templated":true}]}}