{"id":593,"date":"2023-06-27T07:56:38","date_gmt":"2023-06-27T11:56:38","guid":{"rendered":"https:\/\/rudema.cl\/?page_id=593"},"modified":"2023-12-12T11:55:49","modified_gmt":"2023-12-12T15:55:49","slug":"cambios-y-devoluciones","status":"publish","type":"page","link":"https:\/\/rudema.cl\/?page_id=593","title":{"rendered":"Cambios y devoluciones"},"content":{"rendered":"<style>.elementor-593 .elementor-element.elementor-element-e365f0f{transition:background 0.3s, border 0.3s, border-radius 0.3s, box-shadow 0.3s;padding:60px 0px 40px 0px;}.elementor-593 .elementor-element.elementor-element-e365f0f > .elementor-background-overlay{transition:background 0.3s, border-radius 0.3s, opacity 0.3s;}.elementor-593 .elementor-element.elementor-element-583df6b > .elementor-element-populated{margin:0% 5% 0% 5%;--e-column-margin-right:5%;--e-column-margin-left:5%;}.elementor-593 .elementor-element.elementor-element-c983e6e > .elementor-widget-container{margin:0px 0px -15px 0px;}.elementor-593 .elementor-element.elementor-element-c983e6e{z-index:2;text-align:center;}.elementor-593 .elementor-element.elementor-element-c983e6e .elementor-heading-title{font-family:\"Be Vietnam Pro\", Sans-serif;font-weight:300;letter-spacing:2px;color:#808080;}.elementor-593 .elementor-element.elementor-element-b87a745 > .elementor-widget-container{margin:-26px 0px 0px 0px;}.elementor-593 .elementor-element.elementor-element-b87a745{z-index:2;text-align:center;}.elementor-593 .elementor-element.elementor-element-b87a745 .elementor-heading-title{font-family:\"Noto Serif\", Sans-serif;font-size:70px;font-weight:200;font-style:italic;letter-spacing:6px;color:#777D6D;}.elementor-593 .elementor-element.elementor-element-473cbd3 > .elementor-widget-container{margin:0px 0px 0px 0px;}body:not(.rtl) .elementor-593 .elementor-element.elementor-element-473cbd3{left:-0.246%;}body.rtl .elementor-593 .elementor-element.elementor-element-473cbd3{right:-0.246%;}.elementor-593 .elementor-element.elementor-element-473cbd3{top:0.43%;}.elementor-593 .elementor-element.elementor-element-473cbd3 img{width:472px;max-width:157px;height:133px;opacity:0.32;}.elementor-593 .elementor-element.elementor-element-1604e82e > .elementor-container > .elementor-column > .elementor-widget-wrap{align-content:flex-start;align-items:flex-start;}.elementor-593 .elementor-element.elementor-element-1604e82e:not(.elementor-motion-effects-element-type-background), .elementor-593 .elementor-element.elementor-element-1604e82e > .elementor-motion-effects-container > .elementor-motion-effects-layer{background-color:#767D6B;}.elementor-593 .elementor-element.elementor-element-1604e82e > .elementor-background-overlay{background-color:#ffffff;background-image:url(\"https:\/\/i0.wp.com\/rudema.cl\/wp-content\/uploads\/2023\/06\/BE1887AB-C4D9-4DF8-A9F5-65352DB81182-1.png?fit=955%2C1000&ssl=1\");background-position:center center;background-size:cover;opacity:0.25;mix-blend-mode:screen;transition:background 0.3s, border-radius 0.3s, opacity 0.3s;}.elementor-593 .elementor-element.elementor-element-1604e82e{transition:background 0.3s, border 0.3s, border-radius 0.3s, box-shadow 0.3s;padding:150px 0px 150px 0px;}.elementor-593 .elementor-element.elementor-element-12e145a6 > .elementor-widget-container{padding:0px 0px 0px 7px;}.elementor-593 .elementor-element.elementor-element-12e145a6{text-align:center;}.elementor-593 .elementor-element.elementor-element-12e145a6 .elementor-heading-title{font-family:\"Be Vietnam Pro\", Sans-serif;font-size:20px;font-weight:300;line-height:24px;letter-spacing:1px;color:#FFFFFF;}.elementor-593 .elementor-element.elementor-element-4cdb936{--spacer-size:30px;}.elementor-593 .elementor-element.elementor-element-1b7aa200 > .elementor-widget-container{margin:0px 0px 60px 0px;}.elementor-593 .elementor-element.elementor-element-1b7aa200 .elementor-accordion-item{border-width:1px;border-color:#ededed;}.elementor-593 .elementor-element.elementor-element-1b7aa200 .elementor-accordion-item .elementor-tab-content{border-width:1px;border-block-start-color:#ededed;}.elementor-593 .elementor-element.elementor-element-1b7aa200 .elementor-accordion-item .elementor-tab-title.elementor-active{border-width:1px;border-block-end-color:#ededed;}.elementor-593 .elementor-element.elementor-element-1b7aa200 .elementor-tab-title{background-color:#ffffff;padding:20px 30px 20px 30px;}.elementor-593 .elementor-element.elementor-element-1b7aa200 .elementor-accordion-icon, .elementor-593 .elementor-element.elementor-element-1b7aa200 .elementor-accordion-title{color:#C69682;}.elementor-593 .elementor-element.elementor-element-1b7aa200 .elementor-accordion-icon svg{fill:#C69682;}.elementor-593 .elementor-element.elementor-element-1b7aa200 .elementor-active .elementor-accordion-icon, .elementor-593 .elementor-element.elementor-element-1b7aa200 .elementor-active .elementor-accordion-title{color:#767D6B;}.elementor-593 .elementor-element.elementor-element-1b7aa200 .elementor-active .elementor-accordion-icon svg{fill:#767D6B;}.elementor-593 .elementor-element.elementor-element-1b7aa200 .elementor-accordion-title{font-family:\"Be Vietnam Pro\", Sans-serif;font-size:18px;font-weight:400;font-style:normal;text-decoration:none;line-height:1.8em;letter-spacing:1.6px;}.elementor-593 .elementor-element.elementor-element-1b7aa200 .elementor-tab-title .elementor-accordion-icon i:before{color:#767D6B;}.elementor-593 .elementor-element.elementor-element-1b7aa200 .elementor-tab-title .elementor-accordion-icon svg{fill:#767D6B;}.elementor-593 .elementor-element.elementor-element-1b7aa200 .elementor-tab-title.elementor-active .elementor-accordion-icon i:before{color:#767D6B;}.elementor-593 .elementor-element.elementor-element-1b7aa200 .elementor-tab-title.elementor-active .elementor-accordion-icon svg{fill:#767D6B;}.elementor-593 .elementor-element.elementor-element-1b7aa200 .elementor-accordion-icon{margin-inline-end:5px;}.elementor-593 .elementor-element.elementor-element-1b7aa200 .elementor-tab-content{background-color:#ffffff;color:#666666;font-family:\"Be Vietnam Pro\", Sans-serif;font-size:1rem;line-height:1.8em;letter-spacing:0.5px;padding:1em 4em 1em 4em;}.elementor-593 .elementor-element.elementor-element-4b95869d .elementor-button{background-color:#FFFFFF00;font-family:\"Be Vietnam Pro\", Sans-serif;font-size:18px;text-transform:uppercase;line-height:1.8em;letter-spacing:1.9px;fill:#FFFFFF;color:#FFFFFF;border-style:solid;border-width:1px 0px 0px 0px;border-color:#FFFFFF;border-radius:0% 0% 0% 0%;padding:10px 0px 0px 0px;}.elementor-593 .elementor-element.elementor-element-4b95869d > .elementor-widget-container{padding:0px 0px 0px 0px;}.elementor-593 .elementor-element.elementor-element-4b95869d .elementor-button:hover, .elementor-593 .elementor-element.elementor-element-4b95869d .elementor-button:focus{color:#FFFFFF00;border-color:#FFFFFF;}.elementor-593 .elementor-element.elementor-element-4b95869d .elementor-button:hover svg, .elementor-593 .elementor-element.elementor-element-4b95869d .elementor-button:focus svg{fill:#FFFFFF00;}@media(max-width:1024px){.elementor-593 .elementor-element.elementor-element-e365f0f{padding:60px 0px 60px 0px;}.elementor-593 .elementor-element.elementor-element-583df6b > .elementor-element-populated{margin:0px 0px 0px 0px;--e-column-margin-right:0px;--e-column-margin-left:0px;}.elementor-593 .elementor-element.elementor-element-1604e82e{padding:100px 25px 100px 25px;}}@media(max-width:767px){.elementor-593 .elementor-element.elementor-element-e365f0f{padding:30px 0px 20px 0px;}.elementor-593 .elementor-element.elementor-element-583df6b > .elementor-element-populated{margin:0px 0px 0px 0px;--e-column-margin-right:0px;--e-column-margin-left:0px;}.elementor-593 .elementor-element.elementor-element-b87a745 > .elementor-widget-container{margin:0px 0px 0px 0px;}.elementor-593 .elementor-element.elementor-element-b87a745 .elementor-heading-title{font-size:35px;}body:not(.rtl) .elementor-593 .elementor-element.elementor-element-473cbd3{left:-1.578px;}body.rtl .elementor-593 .elementor-element.elementor-element-473cbd3{right:-1.578px;}.elementor-593 .elementor-element.elementor-element-473cbd3{top:29.531px;}.elementor-593 .elementor-element.elementor-element-1604e82e{padding:50px 20px 50px 20px;}}<\/style>\t\t<div data-elementor-type=\"wp-page\" data-elementor-id=\"593\" class=\"elementor elementor-593\" data-elementor-post-type=\"page\">\n\t\t\t\t\t\t<section class=\"elementor-section elementor-top-section elementor-element elementor-element-e365f0f elementor-section-boxed elementor-section-height-default elementor-section-height-default\" data-id=\"e365f0f\" data-element_type=\"section\" data-settings=\"{&quot;background_background&quot;:&quot;classic&quot;}\">\n\t\t\t\t\t\t<div class=\"elementor-container elementor-column-gap-wide\">\n\t\t\t\t\t<div class=\"elementor-column elementor-col-100 elementor-top-column elementor-element elementor-element-583df6b\" data-id=\"583df6b\" data-element_type=\"column\">\n\t\t\t<div class=\"elementor-widget-wrap elementor-element-populated\">\n\t\t\t\t\t\t<div class=\"elementor-element elementor-element-c983e6e elementor-widget elementor-widget-heading\" data-id=\"c983e6e\" data-element_type=\"widget\" data-widget_type=\"heading.default\">\n\t\t\t\t<div class=\"elementor-widget-container\">\n\t\t\t\t\t<h5 class=\"elementor-heading-title elementor-size-default\">POL\u00cdTICAS DE<\/h5>\t\t\t\t<\/div>\n\t\t\t\t<\/div>\n\t\t\t\t<div class=\"elementor-element elementor-element-b87a745 elementor-widget elementor-widget-heading\" data-id=\"b87a745\" data-element_type=\"widget\" data-widget_type=\"heading.default\">\n\t\t\t\t<div class=\"elementor-widget-container\">\n\t\t\t\t\t<h1 class=\"elementor-heading-title elementor-size-default\">Cambios y devoluciones<\/h1>\t\t\t\t<\/div>\n\t\t\t\t<\/div>\n\t\t\t\t<div class=\"elementor-element elementor-element-473cbd3 elementor-absolute elementor-widget elementor-widget-image\" data-id=\"473cbd3\" data-element_type=\"widget\" data-settings=\"{&quot;_position&quot;:&quot;absolute&quot;}\" data-widget_type=\"image.default\">\n\t\t\t\t<div class=\"elementor-widget-container\">\n\t\t\t\t\t\t\t\t\t\t\t\t\t\t\t<img fetchpriority=\"high\" decoding=\"async\" width=\"296\" height=\"334\" src=\"https:\/\/i0.wp.com\/rudema.cl\/wp-content\/uploads\/2023\/06\/13.png?fit=296%2C334&amp;ssl=1\" class=\"attachment-large size-large wp-image-281\" alt=\"\" srcset=\"https:\/\/i0.wp.com\/rudema.cl\/wp-content\/uploads\/2023\/06\/13.png?w=296&amp;ssl=1 296w, https:\/\/i0.wp.com\/rudema.cl\/wp-content\/uploads\/2023\/06\/13.png?resize=266%2C300&amp;ssl=1 266w\" sizes=\"(max-width: 296px) 100vw, 296px\" \/>\t\t\t\t\t\t\t\t\t\t\t\t\t\t\t<\/div>\n\t\t\t\t<\/div>\n\t\t\t\t\t<\/div>\n\t\t<\/div>\n\t\t\t\t\t<\/div>\n\t\t<\/section>\n\t\t\t\t<section class=\"elementor-section elementor-top-section elementor-element elementor-element-1604e82e elementor-section-content-top elementor-section-boxed elementor-section-height-default elementor-section-height-default\" data-id=\"1604e82e\" data-element_type=\"section\" data-settings=\"{&quot;background_background&quot;:&quot;classic&quot;}\">\n\t\t\t\t\t\t\t<div class=\"elementor-background-overlay\"><\/div>\n\t\t\t\t\t\t\t<div class=\"elementor-container elementor-column-gap-no\">\n\t\t\t\t\t<div class=\"elementor-column elementor-col-100 elementor-top-column elementor-element elementor-element-5164b813\" data-id=\"5164b813\" data-element_type=\"column\">\n\t\t\t<div class=\"elementor-widget-wrap elementor-element-populated\">\n\t\t\t\t\t\t<div class=\"elementor-element elementor-element-12e145a6 elementor-invisible elementor-widget elementor-widget-heading\" data-id=\"12e145a6\" data-element_type=\"widget\" data-settings=\"{&quot;_animation&quot;:&quot;fadeIn&quot;}\" data-widget_type=\"heading.default\">\n\t\t\t\t<div class=\"elementor-widget-container\">\n\t\t\t\t\t<h5 class=\"elementor-heading-title elementor-size-medium\">Aceptamos devoluciones\/reemplazos de art\u00edculos individuales que est\u00e1n da\u00f1ados o defectuosos.\nEscr\u00edbenos a contacto@rudema.cl y adjunta por favor una foto con el producto da\u00f1ado o defectuoso, dentro de los 10 d\u00edas posteriores a la recepci\u00f3n de tu pedido.\n<\/h5>\t\t\t\t<\/div>\n\t\t\t\t<\/div>\n\t\t\t\t<div class=\"elementor-element elementor-element-4cdb936 elementor-widget elementor-widget-spacer\" data-id=\"4cdb936\" data-element_type=\"widget\" data-widget_type=\"spacer.default\">\n\t\t\t\t<div class=\"elementor-widget-container\">\n\t\t\t\t\t\t\t<div class=\"elementor-spacer\">\n\t\t\t<div class=\"elementor-spacer-inner\"><\/div>\n\t\t<\/div>\n\t\t\t\t\t\t<\/div>\n\t\t\t\t<\/div>\n\t\t\t\t<div class=\"elementor-element elementor-element-1b7aa200 elementor-widget elementor-widget-accordion\" data-id=\"1b7aa200\" data-element_type=\"widget\" data-widget_type=\"accordion.default\">\n\t\t\t\t<div class=\"elementor-widget-container\">\n\t\t\t\t\t\t\t<div class=\"elementor-accordion\">\n\t\t\t\t\t\t\t<div class=\"elementor-accordion-item\">\n\t\t\t\t\t<div id=\"elementor-tab-title-4611\" class=\"elementor-tab-title\" data-tab=\"1\" role=\"button\" aria-controls=\"elementor-tab-content-4611\" aria-expanded=\"false\">\n\t\t\t\t\t\t\t\t\t\t\t\t\t<span class=\"elementor-accordion-icon elementor-accordion-icon-right\" aria-hidden=\"true\">\n\t\t\t\t\t\t\t\t\t\t\t\t\t\t\t<span class=\"elementor-accordion-icon-closed\"><i class=\"fas fa-chevron-down\"><\/i><\/span>\n\t\t\t\t\t\t\t\t<span class=\"elementor-accordion-icon-opened\"><i class=\"fas fa-chevron-up\"><\/i><\/span>\n\t\t\t\t\t\t\t\t\t\t\t\t\t\t<\/span>\n\t\t\t\t\t\t\t\t\t\t\t\t<a class=\"elementor-accordion-title\" tabindex=\"0\">Cambio o devoluci\u00f3n<\/a>\n\t\t\t\t\t<\/div>\n\t\t\t\t\t<div id=\"elementor-tab-content-4611\" class=\"elementor-tab-content elementor-clearfix\" data-tab=\"1\" role=\"region\" aria-labelledby=\"elementor-tab-title-4611\"><p>Rudema entrega el beneficio de devolver tu producto para realizar un cambio o la devoluci\u00f3n del dinero en caso de cumplir con las condiciones indicadas m\u00e1s abajo. Para poder acceder a este beneficio todos los art\u00edculos deben estar en la misma condici\u00f3n en que se recibieron, sin usar\/sin abrir, y en condiciones de reventa (incluyendo instructivos,etiquetas y accesorios). El plazo m\u00e1ximo para hacer uso de esta garant\u00eda es de 10 d\u00edas h\u00e1biles.<\/p><p>Todos los art\u00edculos devueltos est\u00e1n sujetos a inspecci\u00f3n y no podemos garantizar el reemplazo o el cr\u00e9dito. Algunos art\u00edculos no pueden devolverse debido a la seguridad e higiene. Estamos disponibles para responder cualquier pregunta que puedas tener antes de comprar.\u00a0<\/p><p>Rudema no se har\u00e1 cargo de da\u00f1os y\/o extrav\u00edo de productos al ser enviados por medios de transporte externo y\/o solicitados espec\u00edficamente por el cliente.<\/p><p>\u00a0<\/p><\/div>\n\t\t\t\t<\/div>\n\t\t\t\t\t\t\t<div class=\"elementor-accordion-item\">\n\t\t\t\t\t<div id=\"elementor-tab-title-4612\" class=\"elementor-tab-title\" data-tab=\"2\" role=\"button\" aria-controls=\"elementor-tab-content-4612\" aria-expanded=\"false\">\n\t\t\t\t\t\t\t\t\t\t\t\t\t<span class=\"elementor-accordion-icon elementor-accordion-icon-right\" aria-hidden=\"true\">\n\t\t\t\t\t\t\t\t\t\t\t\t\t\t\t<span class=\"elementor-accordion-icon-closed\"><i class=\"fas fa-chevron-down\"><\/i><\/span>\n\t\t\t\t\t\t\t\t<span class=\"elementor-accordion-icon-opened\"><i class=\"fas fa-chevron-up\"><\/i><\/span>\n\t\t\t\t\t\t\t\t\t\t\t\t\t\t<\/span>\n\t\t\t\t\t\t\t\t\t\t\t\t<a class=\"elementor-accordion-title\" tabindex=\"0\">Despacho de cambios<\/a>\n\t\t\t\t\t<\/div>\n\t\t\t\t\t<div id=\"elementor-tab-content-4612\" class=\"elementor-tab-content elementor-clearfix\" data-tab=\"2\" role=\"region\" aria-labelledby=\"elementor-tab-title-4612\"><p>El comprador paga las tarifas de env\u00edo de devoluci\u00f3n a menos que se deba a un error de nuestra parte. Los gastos de env\u00edo y manipulaci\u00f3n no son reembolsables. Tenga en cuenta que si ofrecemos env\u00edo gratuito y nos devuelven el art\u00edculo, deduciremos los gastos de env\u00edo reales de su reembolso. Los reembolsos se procesar\u00e1n como devoluci\u00f3n de dinero a su m\u00e9todo de pago original.<\/p><\/div>\n\t\t\t\t<\/div>\n\t\t\t\t\t\t\t<div class=\"elementor-accordion-item\">\n\t\t\t\t\t<div id=\"elementor-tab-title-4613\" class=\"elementor-tab-title\" data-tab=\"3\" role=\"button\" aria-controls=\"elementor-tab-content-4613\" aria-expanded=\"false\">\n\t\t\t\t\t\t\t\t\t\t\t\t\t<span class=\"elementor-accordion-icon elementor-accordion-icon-right\" aria-hidden=\"true\">\n\t\t\t\t\t\t\t\t\t\t\t\t\t\t\t<span class=\"elementor-accordion-icon-closed\"><i class=\"fas fa-chevron-down\"><\/i><\/span>\n\t\t\t\t\t\t\t\t<span class=\"elementor-accordion-icon-opened\"><i class=\"fas fa-chevron-up\"><\/i><\/span>\n\t\t\t\t\t\t\t\t\t\t\t\t\t\t<\/span>\n\t\t\t\t\t\t\t\t\t\t\t\t<a class=\"elementor-accordion-title\" tabindex=\"0\">Requisitos para devoluciones<\/a>\n\t\t\t\t\t<\/div>\n\t\t\t\t\t<div id=\"elementor-tab-content-4613\" class=\"elementor-tab-content elementor-clearfix\" data-tab=\"3\" role=\"region\" aria-labelledby=\"elementor-tab-title-4613\"><ol><li>Producto defectuoso antes de uso producto de alguna falla o rotura. En este caso realizar\u00e1 la reposici\u00f3n del producto por otro que cumpla con las condiciones acordadas.<\/li><li>Recib\u00ed algo que no ped\u00ed: el producto recibido es diferente al que solicitaste. En este caso realizar\u00e1 la reposici\u00f3n del producto por otro que cumpla con las condiciones acordadas.<\/li><li>El producto no cumple con las caracter\u00edsticas especificadas en su correspondiente ficha en el sitio web. En este caso se permite el cambio por otro producto distinto al comprado inicialmente o la devoluci\u00f3n del dinero pagado, previa evaluaci\u00f3n por parte de Samsa aromas<\/li><li>Falla del producto. Si el producto ha presentado alguna falla tienes 30 d\u00edas para realizar el reclamo.<\/li><\/ol><\/div>\n\t\t\t\t<\/div>\n\t\t\t\t\t\t\t<div class=\"elementor-accordion-item\">\n\t\t\t\t\t<div id=\"elementor-tab-title-4614\" class=\"elementor-tab-title\" data-tab=\"4\" role=\"button\" aria-controls=\"elementor-tab-content-4614\" aria-expanded=\"false\">\n\t\t\t\t\t\t\t\t\t\t\t\t\t<span class=\"elementor-accordion-icon elementor-accordion-icon-right\" aria-hidden=\"true\">\n\t\t\t\t\t\t\t\t\t\t\t\t\t\t\t<span class=\"elementor-accordion-icon-closed\"><i class=\"fas fa-chevron-down\"><\/i><\/span>\n\t\t\t\t\t\t\t\t<span class=\"elementor-accordion-icon-opened\"><i class=\"fas fa-chevron-up\"><\/i><\/span>\n\t\t\t\t\t\t\t\t\t\t\t\t\t\t<\/span>\n\t\t\t\t\t\t\t\t\t\t\t\t<a class=\"elementor-accordion-title\" tabindex=\"0\">Reembolsos<\/a>\n\t\t\t\t\t<\/div>\n\t\t\t\t\t<div id=\"elementor-tab-content-4614\" class=\"elementor-tab-content elementor-clearfix\" data-tab=\"4\" role=\"region\" aria-labelledby=\"elementor-tab-title-4614\"><p>Una vez que tu devoluci\u00f3n es recibida e inspeccionada, enviaremos un correo electr\u00f3nico para notificarte que hemos recibido tu devoluci\u00f3n. Tambi\u00e9n te notificaremos la aprobaci\u00f3n o rechazo de tu reembolso.<\/p><p>Si eres aprobado, entonces tu reembolso ser\u00e1 procesado y el cr\u00e9dito ser\u00e1 transferido\u00a0 en una cierta cantidad de d\u00edas.<\/p><p>Si deseas cambiar tu producto por otra talla, esto estar\u00e1 sujeto a la disponibilidad de esta.<\/p><\/div>\n\t\t\t\t<\/div>\n\t\t\t\t\t\t\t<div class=\"elementor-accordion-item\">\n\t\t\t\t\t<div id=\"elementor-tab-title-4615\" class=\"elementor-tab-title\" data-tab=\"5\" role=\"button\" aria-controls=\"elementor-tab-content-4615\" aria-expanded=\"false\">\n\t\t\t\t\t\t\t\t\t\t\t\t\t<span class=\"elementor-accordion-icon elementor-accordion-icon-right\" aria-hidden=\"true\">\n\t\t\t\t\t\t\t\t\t\t\t\t\t\t\t<span class=\"elementor-accordion-icon-closed\"><i class=\"fas fa-chevron-down\"><\/i><\/span>\n\t\t\t\t\t\t\t\t<span class=\"elementor-accordion-icon-opened\"><i class=\"fas fa-chevron-up\"><\/i><\/span>\n\t\t\t\t\t\t\t\t\t\t\t\t\t\t<\/span>\n\t\t\t\t\t\t\t\t\t\t\t\t<a class=\"elementor-accordion-title\" tabindex=\"0\">Art\u00edculos en oferta<\/a>\n\t\t\t\t\t<\/div>\n\t\t\t\t\t<div id=\"elementor-tab-content-4615\" class=\"elementor-tab-content elementor-clearfix\" data-tab=\"5\" role=\"region\" aria-labelledby=\"elementor-tab-title-4615\"><p>Solo los art\u00edculos a precio regular ser\u00e1n reembolsados, desafortunadamente los productos en oferta no pueden ser refundados.<\/p><\/div>\n\t\t\t\t<\/div>\n\t\t\t\t\t\t\t\t<\/div>\n\t\t\t\t\t\t<\/div>\n\t\t\t\t<\/div>\n\t\t\t\t<div class=\"elementor-element elementor-element-4b95869d elementor-align-center elementor-invisible elementor-widget elementor-widget-button\" data-id=\"4b95869d\" data-element_type=\"widget\" data-settings=\"{&quot;_animation&quot;:&quot;fadeInUp&quot;,&quot;_animation_delay&quot;:800}\" data-widget_type=\"button.default\">\n\t\t\t\t<div class=\"elementor-widget-container\">\n\t\t\t\t\t\t\t\t\t<div class=\"elementor-button-wrapper\">\n\t\t\t\t\t<a class=\"elementor-button elementor-button-link elementor-size-xs elementor-animation-float\" href=\"https:\/\/rudema.cl\/?page_id=103\">\n\t\t\t\t\t\t<span class=\"elementor-button-content-wrapper\">\n\t\t\t\t\t\t<span class=\"elementor-button-icon\">\n\t\t\t\t\t\t\t<\/span>\n\t\t\t\t\t\t\t\t\t<span class=\"elementor-button-text\">\u00bfTienes m\u00e1s dudas? \u00a1Escr\u00edbenos!<\/span>\n\t\t\t\t\t<\/span>\n\t\t\t\t\t<\/a>\n\t\t\t\t<\/div>\n\t\t\t\t\t\t\t\t<\/div>\n\t\t\t\t<\/div>\n\t\t\t\t\t<\/div>\n\t\t<\/div>\n\t\t\t\t\t<\/div>\n\t\t<\/section>\n\t\t\t\t<\/div>\n\t\t","protected":false},"excerpt":{"rendered":"<p>POL\u00cdTICAS DE Cambios y devoluciones Aceptamos devoluciones\/reemplazos de art\u00edculos individuales que est\u00e1n da\u00f1ados o defectuosos. Escr\u00edbenos a contacto@rudema.cl y adjunta por favor una foto con el producto da\u00f1ado o defectuoso, dentro de los 10 d\u00edas posteriores a la recepci\u00f3n de tu pedido. Cambio o devoluci\u00f3n Rudema entrega el beneficio de devolver tu producto para realizar [&hellip;]<\/p>\n","protected":false},"author":1,"featured_media":0,"parent":0,"menu_order":0,"comment_status":"closed","ping_status":"closed","template":"","meta":{"site-sidebar-layout":"no-sidebar","site-content-layout":"page-builder","ast-site-content-layout":"default","site-content-style":"default","site-sidebar-style":"default","ast-global-header-display":"disabled","ast-banner-title-visibility":"","ast-main-header-display":"","ast-hfb-above-header-display":"","ast-hfb-below-header-display":"","ast-hfb-mobile-header-display":"","site-post-title":"disabled","ast-breadcrumbs-content":"","ast-featured-img":"disabled","footer-sml-layout":"","theme-transparent-header-meta":"","adv-header-id-meta":"","stick-header-meta":"","header-above-stick-meta":"","header-main-stick-meta":"","header-below-stick-meta":"","astra-migrate-meta-layouts":"default","ast-page-background-enabled":"default","ast-page-background-meta":{"desktop":{"background-color":"var(--ast-global-color-4)","background-image":"","background-repeat":"repeat","background-position":"center center","background-size":"auto","background-attachment":"scroll","background-type":"","background-media":"","overlay-type":"","overlay-color":"","overlay-opacity":"","overlay-gradient":""},"tablet":{"background-color":"","background-image":"","background-repeat":"repeat","background-position":"center center","background-size":"auto","background-attachment":"scroll","background-type":"","background-media":"","overlay-type":"","overlay-color":"","overlay-opacity":"","overlay-gradient":""},"mobile":{"background-color":"","background-image":"","background-repeat":"repeat","background-position":"center center","background-size":"auto","background-attachment":"scroll","background-type":"","background-media":"","overlay-type":"","overlay-color":"","overlay-opacity":"","overlay-gradient":""}},"ast-content-background-meta":{"desktop":{"background-color":"var(--ast-global-color-5)","background-image":"","background-repeat":"repeat","background-position":"center center","background-size":"auto","background-attachment":"scroll","background-type":"","background-media":"","overlay-type":"","overlay-color":"","overlay-opacity":"","overlay-gradient":""},"tablet":{"background-color":"var(--ast-global-color-5)","background-image":"","background-repeat":"repeat","background-position":"center center","background-size":"auto","background-attachment":"scroll","background-type":"","background-media":"","overlay-type":"","overlay-color":"","overlay-opacity":"","overlay-gradient":""},"mobile":{"background-color":"var(--ast-global-color-5)","background-image":"","background-repeat":"repeat","background-position":"center center","background-size":"auto","background-attachment":"scroll","background-type":"","background-media":"","overlay-type":"","overlay-color":"","overlay-opacity":"","overlay-gradient":""}},"footnotes":""},"class_list":["post-593","page","type-page","status-publish","hentry"],"jetpack_sharing_enabled":true,"_links":{"self":[{"href":"https:\/\/rudema.cl\/index.php?rest_route=\/wp\/v2\/pages\/593","targetHints":{"allow":["GET"]}}],"collection":[{"href":"https:\/\/rudema.cl\/index.php?rest_route=\/wp\/v2\/pages"}],"about":[{"href":"https:\/\/rudema.cl\/index.php?rest_route=\/wp\/v2\/types\/page"}],"author":[{"embeddable":true,"href":"https:\/\/rudema.cl\/index.php?rest_route=\/wp\/v2\/users\/1"}],"replies":[{"embeddable":true,"href":"https:\/\/rudema.cl\/index.php?rest_route=%2Fwp%2Fv2%2Fcomments&post=593"}],"version-history":[{"count":19,"href":"https:\/\/rudema.cl\/index.php?rest_route=\/wp\/v2\/pages\/593\/revisions"}],"predecessor-version":[{"id":1321,"href":"https:\/\/rudema.cl\/index.php?rest_route=\/wp\/v2\/pages\/593\/revisions\/1321"}],"wp:attachment":[{"href":"https:\/\/rudema.cl\/index.php?rest_route=%2Fwp%2Fv2%2Fmedia&parent=593"}],"curies":[{"name":"wp","href":"https:\/\/api.w.org\/{rel}","templated":true}]}}